{"id":5117,"date":"2022-01-11T11:38:53","date_gmt":"2022-01-11T11:38:53","guid":{"rendered":"https:\/\/iskenderian.ch\/?post_type=product&#038;p=5117"},"modified":"2024-09-24T09:03:53","modified_gmt":"2024-09-24T09:03:53","slug":"turquoise-diamond-watch-2","status":"publish","type":"product","link":"https:\/\/iskenderian.ch\/fr\/produit\/turquoise-diamond-watch-2\/","title":{"rendered":"Turquoise &amp; Diamond Watch"},"content":{"rendered":"<p>Watch in white gold 18kt set with 12 turquoise 6.56 cts, case dial and bracelet set with 264 diamonds 3.01 cts quartz movement.<\/p>\n<p>Cet article n'est plus disponible. Veuillez nous contacter si vous souhaitez \u00eatre inform\u00e9 de la disponibilit\u00e9 d'un article similaire.<\/p>","protected":false},"excerpt":{"rendered":"<p>Watch in white gold 18kt set with 12 turquoise 6.56 cts, case dial and bracelet set with 264 diamonds 3.01 cts quartz movement. This item is no longer available. Please contact us if you would like to be informed of the availability of a similar item.<\/p>","protected":false},"featured_media":5118,"template":"","meta":[],"product_cat":[32],"product_tag":[],"yoast_head":"<!-- This site is optimized with the Yoast SEO plugin v23.6 - https:\/\/yoast.com\/wordpress\/plugins\/seo\/ -->\n<title>Turquoise &amp; Diamond Watch - Iskenderian<\/title>\n<meta name=\"robots\" content=\"index, follow, max-snippet:-1, max-image-preview:large, max-video-preview:-1\" \/>\n<link rel=\"canonical\" href=\"https:\/\/iskenderian.ch\/fr\/produit\/turquoise-diamond-watch-2\/\" \/>\n<meta property=\"og:locale\" content=\"fr_FR\" \/>\n<meta property=\"og:type\" content=\"article\" \/>\n<meta property=\"og:title\" content=\"Turquoise &amp; Diamond Watch - Iskenderian\" \/>\n<meta property=\"og:description\" content=\"Watch in white gold 18kt set with 12 turquoise 6.56 cts, case dial and bracelet set with 264 diamonds 3.01 cts quartz movement. This item is no longer available. Please contact us if you would like to be informed of the availability of a similar item.\" \/>\n<meta property=\"og:url\" content=\"https:\/\/iskenderian.ch\/fr\/produit\/turquoise-diamond-watch-2\/\" \/>\n<meta property=\"og:site_name\" content=\"Iskenderian\" \/>\n<meta property=\"article:publisher\" content=\"https:\/\/www.facebook.com\/iskenderian.ch\" \/>\n<meta property=\"article:modified_time\" content=\"2024-09-24T09:03:53+00:00\" \/>\n<meta property=\"og:image\" content=\"https:\/\/iskenderian.ch\/wp-content\/uploads\/2024\/06\/20l738_1-white-gold-montega-turquoise-diamonds-18kt-watch-Kopie-2-2.jpg\" \/>\n\t<meta property=\"og:image:width\" content=\"1259\" \/>\n\t<meta property=\"og:image:height\" content=\"1259\" \/>\n\t<meta property=\"og:image:type\" content=\"image\/jpeg\" \/>\n<meta name=\"twitter:card\" content=\"summary_large_image\" \/>\n<meta name=\"twitter:label1\" content=\"Dur\u00e9e de lecture estim\u00e9e\" \/>\n\t<meta name=\"twitter:data1\" content=\"1 minute\" \/>\n<script type=\"application\/ld+json\" class=\"yoast-schema-graph\">{\"@context\":\"https:\/\/schema.org\",\"@graph\":[{\"@type\":\"WebPage\",\"@id\":\"https:\/\/iskenderian.ch\/product\/turquoise-diamond-watch-2\/\",\"url\":\"https:\/\/iskenderian.ch\/product\/turquoise-diamond-watch-2\/\",\"name\":\"Turquoise & Diamond Watch - Iskenderian\",\"isPartOf\":{\"@id\":\"https:\/\/iskenderian.ch\/#website\"},\"primaryImageOfPage\":{\"@id\":\"https:\/\/iskenderian.ch\/product\/turquoise-diamond-watch-2\/#primaryimage\"},\"image\":{\"@id\":\"https:\/\/iskenderian.ch\/product\/turquoise-diamond-watch-2\/#primaryimage\"},\"thumbnailUrl\":\"https:\/\/iskenderian.ch\/wp-content\/uploads\/2024\/06\/20l738_1-white-gold-montega-turquoise-diamonds-18kt-watch-Kopie-2-2-jpg.avif\",\"datePublished\":\"2022-01-11T11:38:53+00:00\",\"dateModified\":\"2024-09-24T09:03:53+00:00\",\"breadcrumb\":{\"@id\":\"https:\/\/iskenderian.ch\/product\/turquoise-diamond-watch-2\/#breadcrumb\"},\"inLanguage\":\"fr-FR\",\"potentialAction\":[{\"@type\":\"ReadAction\",\"target\":[\"https:\/\/iskenderian.ch\/product\/turquoise-diamond-watch-2\/\"]}]},{\"@type\":\"ImageObject\",\"inLanguage\":\"fr-FR\",\"@id\":\"https:\/\/iskenderian.ch\/product\/turquoise-diamond-watch-2\/#primaryimage\",\"url\":\"https:\/\/iskenderian.ch\/wp-content\/uploads\/2024\/06\/20l738_1-white-gold-montega-turquoise-diamonds-18kt-watch-Kopie-2-2-jpg.avif\",\"contentUrl\":\"https:\/\/iskenderian.ch\/wp-content\/uploads\/2024\/06\/20l738_1-white-gold-montega-turquoise-diamonds-18kt-watch-Kopie-2-2-jpg.avif\",\"width\":1259,\"height\":1259},{\"@type\":\"BreadcrumbList\",\"@id\":\"https:\/\/iskenderian.ch\/product\/turquoise-diamond-watch-2\/#breadcrumb\",\"itemListElement\":[{\"@type\":\"ListItem\",\"position\":1,\"name\":\"Collection\",\"item\":\"https:\/\/iskenderian.ch\/collection\/\"},{\"@type\":\"ListItem\",\"position\":2,\"name\":\"Turquoise &#038; Diamond Watch\"}]},{\"@type\":\"WebSite\",\"@id\":\"https:\/\/iskenderian.ch\/#website\",\"url\":\"https:\/\/iskenderian.ch\/\",\"name\":\"Iskenderian\",\"description\":\"Iskenderian I Jewelry I Bid Buy Sell\",\"publisher\":{\"@id\":\"https:\/\/iskenderian.ch\/#organization\"},\"potentialAction\":[{\"@type\":\"SearchAction\",\"target\":{\"@type\":\"EntryPoint\",\"urlTemplate\":\"https:\/\/iskenderian.ch\/?s={search_term_string}\"},\"query-input\":{\"@type\":\"PropertyValueSpecification\",\"valueRequired\":true,\"valueName\":\"search_term_string\"}}],\"inLanguage\":\"fr-FR\"},{\"@type\":\"Organization\",\"@id\":\"https:\/\/iskenderian.ch\/#organization\",\"name\":\"Iskenderian\",\"url\":\"https:\/\/iskenderian.ch\/\",\"logo\":{\"@type\":\"ImageObject\",\"inLanguage\":\"fr-FR\",\"@id\":\"https:\/\/iskenderian.ch\/#\/schema\/logo\/image\/\",\"url\":\"https:\/\/iskenderian.ch\/wp-content\/uploads\/2024\/04\/Iskenderian-Logo-Gold-r.png\",\"contentUrl\":\"https:\/\/iskenderian.ch\/wp-content\/uploads\/2024\/04\/Iskenderian-Logo-Gold-r.png\",\"width\":2598,\"height\":1057,\"caption\":\"Iskenderian\"},\"image\":{\"@id\":\"https:\/\/iskenderian.ch\/#\/schema\/logo\/image\/\"},\"sameAs\":[\"https:\/\/www.facebook.com\/iskenderian.ch\",\"https:\/\/www.linkedin.com\/company\/iskenderian\",\"https:\/\/www.instagram.com\/iskenderianjewels\/\"]}]}<\/script>\n<!-- \/ Yoast SEO plugin. -->","yoast_head_json":{"title":"Turquoise & Diamond Watch - Iskenderian","robots":{"index":"index","follow":"follow","max-snippet":"max-snippet:-1","max-image-preview":"max-image-preview:large","max-video-preview":"max-video-preview:-1"},"canonical":"https:\/\/iskenderian.ch\/fr\/produit\/turquoise-diamond-watch-2\/","og_locale":"fr_FR","og_type":"article","og_title":"Turquoise & Diamond Watch - Iskenderian","og_description":"Watch in white gold 18kt set with 12 turquoise 6.56 cts, case dial and bracelet set with 264 diamonds 3.01 cts quartz movement. This item is no longer available. Please contact us if you would like to be informed of the availability of a similar item.","og_url":"https:\/\/iskenderian.ch\/fr\/produit\/turquoise-diamond-watch-2\/","og_site_name":"Iskenderian","article_publisher":"https:\/\/www.facebook.com\/iskenderian.ch","article_modified_time":"2024-09-24T09:03:53+00:00","og_image":[{"width":1259,"height":1259,"url":"https:\/\/iskenderian.ch\/wp-content\/uploads\/2024\/06\/20l738_1-white-gold-montega-turquoise-diamonds-18kt-watch-Kopie-2-2.jpg","type":"image\/jpeg"}],"twitter_card":"summary_large_image","twitter_misc":{"Dur\u00e9e de lecture estim\u00e9e":"1 minute"},"schema":{"@context":"https:\/\/schema.org","@graph":[{"@type":"WebPage","@id":"https:\/\/iskenderian.ch\/product\/turquoise-diamond-watch-2\/","url":"https:\/\/iskenderian.ch\/product\/turquoise-diamond-watch-2\/","name":"Turquoise & Diamond Watch - Iskenderian","isPartOf":{"@id":"https:\/\/iskenderian.ch\/#website"},"primaryImageOfPage":{"@id":"https:\/\/iskenderian.ch\/product\/turquoise-diamond-watch-2\/#primaryimage"},"image":{"@id":"https:\/\/iskenderian.ch\/product\/turquoise-diamond-watch-2\/#primaryimage"},"thumbnailUrl":"https:\/\/iskenderian.ch\/wp-content\/uploads\/2024\/06\/20l738_1-white-gold-montega-turquoise-diamonds-18kt-watch-Kopie-2-2-jpg.avif","datePublished":"2022-01-11T11:38:53+00:00","dateModified":"2024-09-24T09:03:53+00:00","breadcrumb":{"@id":"https:\/\/iskenderian.ch\/product\/turquoise-diamond-watch-2\/#breadcrumb"},"inLanguage":"fr-FR","potentialAction":[{"@type":"ReadAction","target":["https:\/\/iskenderian.ch\/product\/turquoise-diamond-watch-2\/"]}]},{"@type":"ImageObject","inLanguage":"fr-FR","@id":"https:\/\/iskenderian.ch\/product\/turquoise-diamond-watch-2\/#primaryimage","url":"https:\/\/iskenderian.ch\/wp-content\/uploads\/2024\/06\/20l738_1-white-gold-montega-turquoise-diamonds-18kt-watch-Kopie-2-2-jpg.avif","contentUrl":"https:\/\/iskenderian.ch\/wp-content\/uploads\/2024\/06\/20l738_1-white-gold-montega-turquoise-diamonds-18kt-watch-Kopie-2-2-jpg.avif","width":1259,"height":1259},{"@type":"BreadcrumbList","@id":"https:\/\/iskenderian.ch\/product\/turquoise-diamond-watch-2\/#breadcrumb","itemListElement":[{"@type":"ListItem","position":1,"name":"Collection","item":"https:\/\/iskenderian.ch\/collection\/"},{"@type":"ListItem","position":2,"name":"Turquoise &#038; Diamond Watch"}]},{"@type":"WebSite","@id":"https:\/\/iskenderian.ch\/#website","url":"https:\/\/iskenderian.ch\/","name":"Iskenderian","description":"Iskenderian I Jewelry I Bid Buy Sell","publisher":{"@id":"https:\/\/iskenderian.ch\/#organization"},"potentialAction":[{"@type":"SearchAction","target":{"@type":"EntryPoint","urlTemplate":"https:\/\/iskenderian.ch\/?s={search_term_string}"},"query-input":{"@type":"PropertyValueSpecification","valueRequired":true,"valueName":"search_term_string"}}],"inLanguage":"fr-FR"},{"@type":"Organization","@id":"https:\/\/iskenderian.ch\/#organization","name":"Iskenderian","url":"https:\/\/iskenderian.ch\/","logo":{"@type":"ImageObject","inLanguage":"fr-FR","@id":"https:\/\/iskenderian.ch\/#\/schema\/logo\/image\/","url":"https:\/\/iskenderian.ch\/wp-content\/uploads\/2024\/04\/Iskenderian-Logo-Gold-r.png","contentUrl":"https:\/\/iskenderian.ch\/wp-content\/uploads\/2024\/04\/Iskenderian-Logo-Gold-r.png","width":2598,"height":1057,"caption":"Iskenderian"},"image":{"@id":"https:\/\/iskenderian.ch\/#\/schema\/logo\/image\/"},"sameAs":["https:\/\/www.facebook.com\/iskenderian.ch","https:\/\/www.linkedin.com\/company\/iskenderian","https:\/\/www.instagram.com\/iskenderianjewels\/"]}]}},"_links":{"self":[{"href":"https:\/\/iskenderian.ch\/fr\/wp-json\/wp\/v2\/product\/5117"}],"collection":[{"href":"https:\/\/iskenderian.ch\/fr\/wp-json\/wp\/v2\/product"}],"about":[{"href":"https:\/\/iskenderian.ch\/fr\/wp-json\/wp\/v2\/types\/product"}],"wp:featuredmedia":[{"embeddable":true,"href":"https:\/\/iskenderian.ch\/fr\/wp-json\/wp\/v2\/media\/5118"}],"wp:attachment":[{"href":"https:\/\/iskenderian.ch\/fr\/wp-json\/wp\/v2\/media?parent=5117"}],"wp:term":[{"taxonomy":"product_cat","embeddable":true,"href":"https:\/\/iskenderian.ch\/fr\/wp-json\/wp\/v2\/product_cat?post=5117"},{"taxonomy":"product_tag","embeddable":true,"href":"https:\/\/iskenderian.ch\/fr\/wp-json\/wp\/v2\/product_tag?post=5117"}],"curies":[{"name":"wp","href":"https:\/\/api.w.org\/{rel}","templated":true}]}}