{"id":24383,"date":"2024-05-03T11:07:37","date_gmt":"2024-05-03T11:07:37","guid":{"rendered":"https:\/\/iskenderian.ch\/?post_type=product&#038;p=24383"},"modified":"2024-10-01T08:34:10","modified_gmt":"2024-10-01T08:34:10","slug":"cartier-panther-diamond-pendant","status":"publish","type":"product","link":"https:\/\/iskenderian.ch\/fr\/produit\/cartier-panther-diamond-pendant\/","title":{"rendered":"Cartier Panther Charm Pendant"},"content":{"rendered":"<p>Panthere de Cartier.<\/p>\n<p>Panther Head Diamond Emerald Onyx Pendant.<\/p>\n<p>Sign\u00e9 Cartier, num\u00e9rot\u00e9 et marqu\u00e9.<\/p>\n<p>Certificat original de Cartier.<\/p>\n<p>18k White Gold Diamond Emerald Onyx Panthere de Cartier Panther Head Pendant by Cartier.<br \/>\nWith Pendant Round brilliant cut diamonds VVS1 clarity E color total weight approximately 5ct.<\/p>","protected":false},"excerpt":{"rendered":"<p>Panthere de Cartier. Panther Head Diamond Emerald Onyx Pendant. Signed Cartier, numbered and marked. Original Cartier certificate. 18k White Gold Diamond Emerald Onyx Panthere de Cartier Panther Head Pendant by Cartier. With Pendant Round brilliant cut diamonds VVS1 clarity E color total weight approximately 5ct.<\/p>","protected":false},"featured_media":24384,"template":"","meta":[],"product_cat":[32],"product_tag":[128,71,750,158,52,671,119,438,49],"yoast_head":"<!-- This site is optimized with the Yoast SEO plugin v23.6 - https:\/\/yoast.com\/wordpress\/plugins\/seo\/ -->\n<title>Cartier Panther Charm Pendant - Iskenderian<\/title>\n<meta name=\"description\" content=\"Cartier Panther Charm Pendant. 18k White Gold Diamond Emerald Onyx Panthere de Cartier Panther Head Pendant by Cartier.\" \/>\n<meta name=\"robots\" content=\"index, follow, max-snippet:-1, max-image-preview:large, max-video-preview:-1\" \/>\n<link rel=\"canonical\" href=\"https:\/\/iskenderian.ch\/fr\/produit\/cartier-panther-diamond-pendant\/\" \/>\n<meta property=\"og:locale\" content=\"fr_FR\" \/>\n<meta property=\"og:type\" content=\"article\" \/>\n<meta property=\"og:title\" content=\"Cartier Panther Charm Pendant - Iskenderian\" \/>\n<meta property=\"og:description\" content=\"Cartier Panther Charm Pendant. 18k White Gold Diamond Emerald Onyx Panthere de Cartier Panther Head Pendant by Cartier.\" \/>\n<meta property=\"og:url\" content=\"https:\/\/iskenderian.ch\/fr\/produit\/cartier-panther-diamond-pendant\/\" \/>\n<meta property=\"og:site_name\" content=\"Iskenderian\" \/>\n<meta property=\"article:publisher\" content=\"https:\/\/www.facebook.com\/iskenderian.ch\" \/>\n<meta property=\"article:modified_time\" content=\"2024-10-01T08:34:10+00:00\" \/>\n<meta property=\"og:image\" content=\"https:\/\/iskenderian.ch\/wp-content\/uploads\/2024\/06\/IMG_0724_mitkette-scaled-3-jpg.avif\" \/>\n\t<meta property=\"og:image:width\" content=\"2560\" \/>\n\t<meta property=\"og:image:height\" content=\"2560\" \/>\n\t<meta property=\"og:image:type\" content=\"image\/jpeg\" \/>\n<meta name=\"twitter:card\" content=\"summary_large_image\" \/>\n<meta name=\"twitter:label1\" content=\"Dur\u00e9e de lecture estim\u00e9e\" \/>\n\t<meta name=\"twitter:data1\" content=\"1 minute\" \/>\n<script type=\"application\/ld+json\" class=\"yoast-schema-graph\">{\"@context\":\"https:\/\/schema.org\",\"@graph\":[{\"@type\":\"WebPage\",\"@id\":\"https:\/\/iskenderian.ch\/product\/cartier-panther-diamond-pendant\/\",\"url\":\"https:\/\/iskenderian.ch\/product\/cartier-panther-diamond-pendant\/\",\"name\":\"Cartier Panther Charm Pendant - Iskenderian\",\"isPartOf\":{\"@id\":\"https:\/\/iskenderian.ch\/#website\"},\"primaryImageOfPage\":{\"@id\":\"https:\/\/iskenderian.ch\/product\/cartier-panther-diamond-pendant\/#primaryimage\"},\"image\":{\"@id\":\"https:\/\/iskenderian.ch\/product\/cartier-panther-diamond-pendant\/#primaryimage\"},\"thumbnailUrl\":\"https:\/\/iskenderian.ch\/wp-content\/uploads\/2024\/06\/IMG_0724_mitkette-scaled-3-jpg.avif\",\"datePublished\":\"2024-05-03T11:07:37+00:00\",\"dateModified\":\"2024-10-01T08:34:10+00:00\",\"description\":\"Cartier Panther Charm Pendant. 18k White Gold Diamond Emerald Onyx Panthere de Cartier Panther Head Pendant by Cartier.\",\"breadcrumb\":{\"@id\":\"https:\/\/iskenderian.ch\/product\/cartier-panther-diamond-pendant\/#breadcrumb\"},\"inLanguage\":\"fr-FR\",\"potentialAction\":[{\"@type\":\"ReadAction\",\"target\":[\"https:\/\/iskenderian.ch\/product\/cartier-panther-diamond-pendant\/\"]}]},{\"@type\":\"ImageObject\",\"inLanguage\":\"fr-FR\",\"@id\":\"https:\/\/iskenderian.ch\/product\/cartier-panther-diamond-pendant\/#primaryimage\",\"url\":\"https:\/\/iskenderian.ch\/wp-content\/uploads\/2024\/06\/IMG_0724_mitkette-scaled-3-jpg.avif\",\"contentUrl\":\"https:\/\/iskenderian.ch\/wp-content\/uploads\/2024\/06\/IMG_0724_mitkette-scaled-3-jpg.avif\",\"width\":2560,\"height\":2560,\"caption\":\"Panthere de Cartier. Panther Head Diamond Emerald Onyx Pendant. Cartier Chain white gold 18K.\"},{\"@type\":\"BreadcrumbList\",\"@id\":\"https:\/\/iskenderian.ch\/product\/cartier-panther-diamond-pendant\/#breadcrumb\",\"itemListElement\":[{\"@type\":\"ListItem\",\"position\":1,\"name\":\"Collection\",\"item\":\"https:\/\/iskenderian.ch\/collection\/\"},{\"@type\":\"ListItem\",\"position\":2,\"name\":\"Cartier Panther Charm Pendant\"}]},{\"@type\":\"WebSite\",\"@id\":\"https:\/\/iskenderian.ch\/#website\",\"url\":\"https:\/\/iskenderian.ch\/\",\"name\":\"Iskenderian\",\"description\":\"Iskenderian I Jewelry I Bid Buy Sell\",\"publisher\":{\"@id\":\"https:\/\/iskenderian.ch\/#organization\"},\"potentialAction\":[{\"@type\":\"SearchAction\",\"target\":{\"@type\":\"EntryPoint\",\"urlTemplate\":\"https:\/\/iskenderian.ch\/?s={search_term_string}\"},\"query-input\":{\"@type\":\"PropertyValueSpecification\",\"valueRequired\":true,\"valueName\":\"search_term_string\"}}],\"inLanguage\":\"fr-FR\"},{\"@type\":\"Organization\",\"@id\":\"https:\/\/iskenderian.ch\/#organization\",\"name\":\"Iskenderian\",\"url\":\"https:\/\/iskenderian.ch\/\",\"logo\":{\"@type\":\"ImageObject\",\"inLanguage\":\"fr-FR\",\"@id\":\"https:\/\/iskenderian.ch\/#\/schema\/logo\/image\/\",\"url\":\"https:\/\/iskenderian.ch\/wp-content\/uploads\/2024\/04\/Iskenderian-Logo-Gold-r.png\",\"contentUrl\":\"https:\/\/iskenderian.ch\/wp-content\/uploads\/2024\/04\/Iskenderian-Logo-Gold-r.png\",\"width\":2598,\"height\":1057,\"caption\":\"Iskenderian\"},\"image\":{\"@id\":\"https:\/\/iskenderian.ch\/#\/schema\/logo\/image\/\"},\"sameAs\":[\"https:\/\/www.facebook.com\/iskenderian.ch\",\"https:\/\/www.linkedin.com\/company\/iskenderian\",\"https:\/\/www.instagram.com\/iskenderianjewels\/\"]}]}<\/script>\n<!-- \/ Yoast SEO plugin. -->","yoast_head_json":{"title":"Cartier Panther Charm Pendant - Iskenderian","description":"Cartier Panther Charm Pendant. 18k White Gold Diamond Emerald Onyx Panthere de Cartier Panther Head Pendant by Cartier.","robots":{"index":"index","follow":"follow","max-snippet":"max-snippet:-1","max-image-preview":"max-image-preview:large","max-video-preview":"max-video-preview:-1"},"canonical":"https:\/\/iskenderian.ch\/fr\/produit\/cartier-panther-diamond-pendant\/","og_locale":"fr_FR","og_type":"article","og_title":"Cartier Panther Charm Pendant - Iskenderian","og_description":"Cartier Panther Charm Pendant. 18k White Gold Diamond Emerald Onyx Panthere de Cartier Panther Head Pendant by Cartier.","og_url":"https:\/\/iskenderian.ch\/fr\/produit\/cartier-panther-diamond-pendant\/","og_site_name":"Iskenderian","article_publisher":"https:\/\/www.facebook.com\/iskenderian.ch","article_modified_time":"2024-10-01T08:34:10+00:00","og_image":[{"width":2560,"height":2560,"url":"https:\/\/iskenderian.ch\/wp-content\/uploads\/2024\/06\/IMG_0724_mitkette-scaled-3-jpg.avif","type":"image\/jpeg"}],"twitter_card":"summary_large_image","twitter_misc":{"Dur\u00e9e de lecture estim\u00e9e":"1 minute"},"schema":{"@context":"https:\/\/schema.org","@graph":[{"@type":"WebPage","@id":"https:\/\/iskenderian.ch\/product\/cartier-panther-diamond-pendant\/","url":"https:\/\/iskenderian.ch\/product\/cartier-panther-diamond-pendant\/","name":"Cartier Panther Charm Pendant - Iskenderian","isPartOf":{"@id":"https:\/\/iskenderian.ch\/#website"},"primaryImageOfPage":{"@id":"https:\/\/iskenderian.ch\/product\/cartier-panther-diamond-pendant\/#primaryimage"},"image":{"@id":"https:\/\/iskenderian.ch\/product\/cartier-panther-diamond-pendant\/#primaryimage"},"thumbnailUrl":"https:\/\/iskenderian.ch\/wp-content\/uploads\/2024\/06\/IMG_0724_mitkette-scaled-3-jpg.avif","datePublished":"2024-05-03T11:07:37+00:00","dateModified":"2024-10-01T08:34:10+00:00","description":"Cartier Panther Charm Pendant. 18k White Gold Diamond Emerald Onyx Panthere de Cartier Panther Head Pendant by Cartier.","breadcrumb":{"@id":"https:\/\/iskenderian.ch\/product\/cartier-panther-diamond-pendant\/#breadcrumb"},"inLanguage":"fr-FR","potentialAction":[{"@type":"ReadAction","target":["https:\/\/iskenderian.ch\/product\/cartier-panther-diamond-pendant\/"]}]},{"@type":"ImageObject","inLanguage":"fr-FR","@id":"https:\/\/iskenderian.ch\/product\/cartier-panther-diamond-pendant\/#primaryimage","url":"https:\/\/iskenderian.ch\/wp-content\/uploads\/2024\/06\/IMG_0724_mitkette-scaled-3-jpg.avif","contentUrl":"https:\/\/iskenderian.ch\/wp-content\/uploads\/2024\/06\/IMG_0724_mitkette-scaled-3-jpg.avif","width":2560,"height":2560,"caption":"Panthere de Cartier. Panther Head Diamond Emerald Onyx Pendant. Cartier Chain white gold 18K."},{"@type":"BreadcrumbList","@id":"https:\/\/iskenderian.ch\/product\/cartier-panther-diamond-pendant\/#breadcrumb","itemListElement":[{"@type":"ListItem","position":1,"name":"Collection","item":"https:\/\/iskenderian.ch\/collection\/"},{"@type":"ListItem","position":2,"name":"Cartier Panther Charm Pendant"}]},{"@type":"WebSite","@id":"https:\/\/iskenderian.ch\/#website","url":"https:\/\/iskenderian.ch\/","name":"Iskenderian","description":"Iskenderian I Jewelry I Bid Buy Sell","publisher":{"@id":"https:\/\/iskenderian.ch\/#organization"},"potentialAction":[{"@type":"SearchAction","target":{"@type":"EntryPoint","urlTemplate":"https:\/\/iskenderian.ch\/?s={search_term_string}"},"query-input":{"@type":"PropertyValueSpecification","valueRequired":true,"valueName":"search_term_string"}}],"inLanguage":"fr-FR"},{"@type":"Organization","@id":"https:\/\/iskenderian.ch\/#organization","name":"Iskenderian","url":"https:\/\/iskenderian.ch\/","logo":{"@type":"ImageObject","inLanguage":"fr-FR","@id":"https:\/\/iskenderian.ch\/#\/schema\/logo\/image\/","url":"https:\/\/iskenderian.ch\/wp-content\/uploads\/2024\/04\/Iskenderian-Logo-Gold-r.png","contentUrl":"https:\/\/iskenderian.ch\/wp-content\/uploads\/2024\/04\/Iskenderian-Logo-Gold-r.png","width":2598,"height":1057,"caption":"Iskenderian"},"image":{"@id":"https:\/\/iskenderian.ch\/#\/schema\/logo\/image\/"},"sameAs":["https:\/\/www.facebook.com\/iskenderian.ch","https:\/\/www.linkedin.com\/company\/iskenderian","https:\/\/www.instagram.com\/iskenderianjewels\/"]}]}},"_links":{"self":[{"href":"https:\/\/iskenderian.ch\/fr\/wp-json\/wp\/v2\/product\/24383"}],"collection":[{"href":"https:\/\/iskenderian.ch\/fr\/wp-json\/wp\/v2\/product"}],"about":[{"href":"https:\/\/iskenderian.ch\/fr\/wp-json\/wp\/v2\/types\/product"}],"wp:featuredmedia":[{"embeddable":true,"href":"https:\/\/iskenderian.ch\/fr\/wp-json\/wp\/v2\/media\/24384"}],"wp:attachment":[{"href":"https:\/\/iskenderian.ch\/fr\/wp-json\/wp\/v2\/media?parent=24383"}],"wp:term":[{"taxonomy":"product_cat","embeddable":true,"href":"https:\/\/iskenderian.ch\/fr\/wp-json\/wp\/v2\/product_cat?post=24383"},{"taxonomy":"product_tag","embeddable":true,"href":"https:\/\/iskenderian.ch\/fr\/wp-json\/wp\/v2\/product_tag?post=24383"}],"curies":[{"name":"wp","href":"https:\/\/api.w.org\/{rel}","templated":true}]}}