{"id":24379,"date":"2024-05-03T10:46:28","date_gmt":"2024-05-03T10:46:28","guid":{"rendered":"https:\/\/iskenderian.ch\/?post_type=product&#038;p=24379"},"modified":"2025-03-07T20:49:22","modified_gmt":"2025-03-07T20:49:22","slug":"cartier-diamond-chalcedony-white-gold-18k-retractable-turtle-pendant","status":"publish","type":"product","link":"https:\/\/iskenderian.ch\/fr\/produit\/cartier-diamond-chalcedony-white-gold-18k-retractable-turtle-pendant\/","title":{"rendered":"Cartier Diamond Chalcedony White Gold 18K Retractable Turtle Pendant"},"content":{"rendered":"<p>Cartier Diamond Chalcedony White Gold 18K Retractable Turtle Charm Pendant Limited.<\/p>\n<p>Pendant is signed Cartier, numbered and marked.<\/p>\n<p>Limited Edition Cartier Diamond Chalcedony White Gold 18K Retractable Turtle Charm. This exquisite piece seamlessly combines modern elegance with the whimsical charm of a turtle, showcasing Cartier\u2019s mastery of craftsmanship, innovation, and attention to detail.<\/p>\n<p>Its shell is adorned with a captivating cabochon chalcedony, reminiscent of tranquil waters. The chalcedony is expertly polished and set, creating an enchanting focal point for the turtle. The turtle\u2019s shell is surrounded with a line of brilliant-cut diamonds, each carefully selected for its exceptional quality and brilliance. At the \u201cheart\u201d of the charm lies a chalcedony of extraordinary quality, chosen for its serene blue hue and natural elegance. A delightful surprise awaits as the turtle\u2019s head and limbs are retractable, allowing for an interactive element to this charming piece. It features a patented bail.<\/p>\n<p>Dimensions:18mm (11\/16\u2033) width, 35mm With Hook length.<\/p>\n<p>Sign\u00e9 Cartier, num\u00e9rot\u00e9 et marqu\u00e9.<\/p>\n<p>Limited edition of 40.<\/p>\n<p>&nbsp;<\/p>","protected":false},"excerpt":{"rendered":"<p>Cartier Diamond Chalcedony White Gold 18K Retractable Turtle Charm Pendant Limited. Pendant is signed Cartier, numbered and marked. Limited Edition Cartier Diamond Chalcedony White Gold 18K Retractable Turtle Charm. This exquisite piece seamlessly combines modern elegance with the whimsical charm of a turtle, showcasing Cartier&#8217;s mastery of craftsmanship, innovation, and attention to detail. Its shell [&hellip;]<\/p>","protected":false},"featured_media":24380,"template":"","meta":[],"product_cat":[32],"product_tag":[128,71,52,832,87,49],"yoast_head":"<!-- This site is optimized with the Yoast SEO plugin v23.6 - https:\/\/yoast.com\/wordpress\/plugins\/seo\/ -->\n<title>Cartier Diamond Chalcedony White Gold 18K Retractable Turtle Pendant - Iskenderian<\/title>\n<meta name=\"description\" content=\"Cartier Diamond Chalcedony White Gold 18K Retractable Turtle Charm Pendant Limited. Pendant is signed Cartier, numbered and marked.\" \/>\n<meta name=\"robots\" content=\"index, follow, max-snippet:-1, max-image-preview:large, max-video-preview:-1\" \/>\n<link rel=\"canonical\" href=\"https:\/\/iskenderian.ch\/fr\/produit\/cartier-diamond-chalcedony-white-gold-18k-retractable-turtle-pendant\/\" \/>\n<meta property=\"og:locale\" content=\"fr_FR\" \/>\n<meta property=\"og:type\" content=\"article\" \/>\n<meta property=\"og:title\" content=\"Cartier Diamond Chalcedony White Gold 18K Retractable Turtle Pendant - Iskenderian\" \/>\n<meta property=\"og:description\" content=\"Cartier Diamond Chalcedony White Gold 18K Retractable Turtle Charm Pendant Limited. Pendant is signed Cartier, numbered and marked.\" \/>\n<meta property=\"og:url\" content=\"https:\/\/iskenderian.ch\/fr\/produit\/cartier-diamond-chalcedony-white-gold-18k-retractable-turtle-pendant\/\" \/>\n<meta property=\"og:site_name\" content=\"Iskenderian\" \/>\n<meta property=\"article:publisher\" content=\"https:\/\/www.facebook.com\/iskenderian.ch\" \/>\n<meta property=\"article:modified_time\" content=\"2025-03-07T20:49:22+00:00\" \/>\n<meta property=\"og:image\" content=\"https:\/\/iskenderian.ch\/wp-content\/uploads\/2024\/06\/MTSJ10600-1-1-2-jpg.avif\" \/>\n\t<meta property=\"og:image:width\" content=\"808\" \/>\n\t<meta property=\"og:image:height\" content=\"808\" \/>\n\t<meta property=\"og:image:type\" content=\"image\/jpeg\" \/>\n<meta name=\"twitter:card\" content=\"summary_large_image\" \/>\n<meta name=\"twitter:label1\" content=\"Dur\u00e9e de lecture estim\u00e9e\" \/>\n\t<meta name=\"twitter:data1\" content=\"1 minute\" \/>\n<script type=\"application\/ld+json\" class=\"yoast-schema-graph\">{\"@context\":\"https:\/\/schema.org\",\"@graph\":[{\"@type\":\"WebPage\",\"@id\":\"https:\/\/iskenderian.ch\/product\/cartier-diamond-chalcedony-white-gold-18k-retractable-turtle-pendant\/\",\"url\":\"https:\/\/iskenderian.ch\/product\/cartier-diamond-chalcedony-white-gold-18k-retractable-turtle-pendant\/\",\"name\":\"Cartier Diamond Chalcedony White Gold 18K Retractable Turtle Pendant - Iskenderian\",\"isPartOf\":{\"@id\":\"https:\/\/iskenderian.ch\/#website\"},\"primaryImageOfPage\":{\"@id\":\"https:\/\/iskenderian.ch\/product\/cartier-diamond-chalcedony-white-gold-18k-retractable-turtle-pendant\/#primaryimage\"},\"image\":{\"@id\":\"https:\/\/iskenderian.ch\/product\/cartier-diamond-chalcedony-white-gold-18k-retractable-turtle-pendant\/#primaryimage\"},\"thumbnailUrl\":\"https:\/\/iskenderian.ch\/wp-content\/uploads\/2024\/06\/MTSJ10600-1-1-2-jpg.avif\",\"datePublished\":\"2024-05-03T10:46:28+00:00\",\"dateModified\":\"2025-03-07T20:49:22+00:00\",\"description\":\"Cartier Diamond Chalcedony White Gold 18K Retractable Turtle Charm Pendant Limited. Pendant is signed Cartier, numbered and marked.\",\"breadcrumb\":{\"@id\":\"https:\/\/iskenderian.ch\/product\/cartier-diamond-chalcedony-white-gold-18k-retractable-turtle-pendant\/#breadcrumb\"},\"inLanguage\":\"fr-FR\",\"potentialAction\":[{\"@type\":\"ReadAction\",\"target\":[\"https:\/\/iskenderian.ch\/product\/cartier-diamond-chalcedony-white-gold-18k-retractable-turtle-pendant\/\"]}]},{\"@type\":\"ImageObject\",\"inLanguage\":\"fr-FR\",\"@id\":\"https:\/\/iskenderian.ch\/product\/cartier-diamond-chalcedony-white-gold-18k-retractable-turtle-pendant\/#primaryimage\",\"url\":\"https:\/\/iskenderian.ch\/wp-content\/uploads\/2024\/06\/MTSJ10600-1-1-2-jpg.avif\",\"contentUrl\":\"https:\/\/iskenderian.ch\/wp-content\/uploads\/2024\/06\/MTSJ10600-1-1-2-jpg.avif\",\"width\":808,\"height\":808,\"caption\":\"Cartier Diamond Chalcedony White Gold 18K Retractable Turtle Pendant\"},{\"@type\":\"BreadcrumbList\",\"@id\":\"https:\/\/iskenderian.ch\/product\/cartier-diamond-chalcedony-white-gold-18k-retractable-turtle-pendant\/#breadcrumb\",\"itemListElement\":[{\"@type\":\"ListItem\",\"position\":1,\"name\":\"Collection\",\"item\":\"https:\/\/iskenderian.ch\/collection\/\"},{\"@type\":\"ListItem\",\"position\":2,\"name\":\"Cartier Diamond Chalcedony White Gold 18K Retractable Turtle Pendant\"}]},{\"@type\":\"WebSite\",\"@id\":\"https:\/\/iskenderian.ch\/#website\",\"url\":\"https:\/\/iskenderian.ch\/\",\"name\":\"Iskenderian\",\"description\":\"Iskenderian I Jewelry I Bid Buy Sell\",\"publisher\":{\"@id\":\"https:\/\/iskenderian.ch\/#organization\"},\"potentialAction\":[{\"@type\":\"SearchAction\",\"target\":{\"@type\":\"EntryPoint\",\"urlTemplate\":\"https:\/\/iskenderian.ch\/?s={search_term_string}\"},\"query-input\":{\"@type\":\"PropertyValueSpecification\",\"valueRequired\":true,\"valueName\":\"search_term_string\"}}],\"inLanguage\":\"fr-FR\"},{\"@type\":\"Organization\",\"@id\":\"https:\/\/iskenderian.ch\/#organization\",\"name\":\"Iskenderian\",\"url\":\"https:\/\/iskenderian.ch\/\",\"logo\":{\"@type\":\"ImageObject\",\"inLanguage\":\"fr-FR\",\"@id\":\"https:\/\/iskenderian.ch\/#\/schema\/logo\/image\/\",\"url\":\"https:\/\/iskenderian.ch\/wp-content\/uploads\/2024\/04\/Iskenderian-Logo-Gold-r.png\",\"contentUrl\":\"https:\/\/iskenderian.ch\/wp-content\/uploads\/2024\/04\/Iskenderian-Logo-Gold-r.png\",\"width\":2598,\"height\":1057,\"caption\":\"Iskenderian\"},\"image\":{\"@id\":\"https:\/\/iskenderian.ch\/#\/schema\/logo\/image\/\"},\"sameAs\":[\"https:\/\/www.facebook.com\/iskenderian.ch\",\"https:\/\/www.linkedin.com\/company\/iskenderian\",\"https:\/\/www.instagram.com\/iskenderianjewels\/\"]}]}<\/script>\n<!-- \/ Yoast SEO plugin. -->","yoast_head_json":{"title":"Cartier Diamond Chalcedony White Gold 18K Retractable Turtle Pendant - Iskenderian","description":"Cartier Diamond Chalcedony White Gold 18K Retractable Turtle Charm Pendant Limited. Pendant is signed Cartier, numbered and marked.","robots":{"index":"index","follow":"follow","max-snippet":"max-snippet:-1","max-image-preview":"max-image-preview:large","max-video-preview":"max-video-preview:-1"},"canonical":"https:\/\/iskenderian.ch\/fr\/produit\/cartier-diamond-chalcedony-white-gold-18k-retractable-turtle-pendant\/","og_locale":"fr_FR","og_type":"article","og_title":"Cartier Diamond Chalcedony White Gold 18K Retractable Turtle Pendant - Iskenderian","og_description":"Cartier Diamond Chalcedony White Gold 18K Retractable Turtle Charm Pendant Limited. Pendant is signed Cartier, numbered and marked.","og_url":"https:\/\/iskenderian.ch\/fr\/produit\/cartier-diamond-chalcedony-white-gold-18k-retractable-turtle-pendant\/","og_site_name":"Iskenderian","article_publisher":"https:\/\/www.facebook.com\/iskenderian.ch","article_modified_time":"2025-03-07T20:49:22+00:00","og_image":[{"width":808,"height":808,"url":"https:\/\/iskenderian.ch\/wp-content\/uploads\/2024\/06\/MTSJ10600-1-1-2-jpg.avif","type":"image\/jpeg"}],"twitter_card":"summary_large_image","twitter_misc":{"Dur\u00e9e de lecture estim\u00e9e":"1 minute"},"schema":{"@context":"https:\/\/schema.org","@graph":[{"@type":"WebPage","@id":"https:\/\/iskenderian.ch\/product\/cartier-diamond-chalcedony-white-gold-18k-retractable-turtle-pendant\/","url":"https:\/\/iskenderian.ch\/product\/cartier-diamond-chalcedony-white-gold-18k-retractable-turtle-pendant\/","name":"Cartier Diamond Chalcedony White Gold 18K Retractable Turtle Pendant - Iskenderian","isPartOf":{"@id":"https:\/\/iskenderian.ch\/#website"},"primaryImageOfPage":{"@id":"https:\/\/iskenderian.ch\/product\/cartier-diamond-chalcedony-white-gold-18k-retractable-turtle-pendant\/#primaryimage"},"image":{"@id":"https:\/\/iskenderian.ch\/product\/cartier-diamond-chalcedony-white-gold-18k-retractable-turtle-pendant\/#primaryimage"},"thumbnailUrl":"https:\/\/iskenderian.ch\/wp-content\/uploads\/2024\/06\/MTSJ10600-1-1-2-jpg.avif","datePublished":"2024-05-03T10:46:28+00:00","dateModified":"2025-03-07T20:49:22+00:00","description":"Cartier Diamond Chalcedony White Gold 18K Retractable Turtle Charm Pendant Limited. Pendant is signed Cartier, numbered and marked.","breadcrumb":{"@id":"https:\/\/iskenderian.ch\/product\/cartier-diamond-chalcedony-white-gold-18k-retractable-turtle-pendant\/#breadcrumb"},"inLanguage":"fr-FR","potentialAction":[{"@type":"ReadAction","target":["https:\/\/iskenderian.ch\/product\/cartier-diamond-chalcedony-white-gold-18k-retractable-turtle-pendant\/"]}]},{"@type":"ImageObject","inLanguage":"fr-FR","@id":"https:\/\/iskenderian.ch\/product\/cartier-diamond-chalcedony-white-gold-18k-retractable-turtle-pendant\/#primaryimage","url":"https:\/\/iskenderian.ch\/wp-content\/uploads\/2024\/06\/MTSJ10600-1-1-2-jpg.avif","contentUrl":"https:\/\/iskenderian.ch\/wp-content\/uploads\/2024\/06\/MTSJ10600-1-1-2-jpg.avif","width":808,"height":808,"caption":"Cartier Diamond Chalcedony White Gold 18K Retractable Turtle Pendant"},{"@type":"BreadcrumbList","@id":"https:\/\/iskenderian.ch\/product\/cartier-diamond-chalcedony-white-gold-18k-retractable-turtle-pendant\/#breadcrumb","itemListElement":[{"@type":"ListItem","position":1,"name":"Collection","item":"https:\/\/iskenderian.ch\/collection\/"},{"@type":"ListItem","position":2,"name":"Cartier Diamond Chalcedony White Gold 18K Retractable Turtle Pendant"}]},{"@type":"WebSite","@id":"https:\/\/iskenderian.ch\/#website","url":"https:\/\/iskenderian.ch\/","name":"Iskenderian","description":"Iskenderian I Jewelry I Bid Buy Sell","publisher":{"@id":"https:\/\/iskenderian.ch\/#organization"},"potentialAction":[{"@type":"SearchAction","target":{"@type":"EntryPoint","urlTemplate":"https:\/\/iskenderian.ch\/?s={search_term_string}"},"query-input":{"@type":"PropertyValueSpecification","valueRequired":true,"valueName":"search_term_string"}}],"inLanguage":"fr-FR"},{"@type":"Organization","@id":"https:\/\/iskenderian.ch\/#organization","name":"Iskenderian","url":"https:\/\/iskenderian.ch\/","logo":{"@type":"ImageObject","inLanguage":"fr-FR","@id":"https:\/\/iskenderian.ch\/#\/schema\/logo\/image\/","url":"https:\/\/iskenderian.ch\/wp-content\/uploads\/2024\/04\/Iskenderian-Logo-Gold-r.png","contentUrl":"https:\/\/iskenderian.ch\/wp-content\/uploads\/2024\/04\/Iskenderian-Logo-Gold-r.png","width":2598,"height":1057,"caption":"Iskenderian"},"image":{"@id":"https:\/\/iskenderian.ch\/#\/schema\/logo\/image\/"},"sameAs":["https:\/\/www.facebook.com\/iskenderian.ch","https:\/\/www.linkedin.com\/company\/iskenderian","https:\/\/www.instagram.com\/iskenderianjewels\/"]}]}},"_links":{"self":[{"href":"https:\/\/iskenderian.ch\/fr\/wp-json\/wp\/v2\/product\/24379"}],"collection":[{"href":"https:\/\/iskenderian.ch\/fr\/wp-json\/wp\/v2\/product"}],"about":[{"href":"https:\/\/iskenderian.ch\/fr\/wp-json\/wp\/v2\/types\/product"}],"wp:featuredmedia":[{"embeddable":true,"href":"https:\/\/iskenderian.ch\/fr\/wp-json\/wp\/v2\/media\/24380"}],"wp:attachment":[{"href":"https:\/\/iskenderian.ch\/fr\/wp-json\/wp\/v2\/media?parent=24379"}],"wp:term":[{"taxonomy":"product_cat","embeddable":true,"href":"https:\/\/iskenderian.ch\/fr\/wp-json\/wp\/v2\/product_cat?post=24379"},{"taxonomy":"product_tag","embeddable":true,"href":"https:\/\/iskenderian.ch\/fr\/wp-json\/wp\/v2\/product_tag?post=24379"}],"curies":[{"name":"wp","href":"https:\/\/api.w.org\/{rel}","templated":true}]}}