{"id":22921,"date":"2023-11-16T12:50:12","date_gmt":"2023-11-16T12:50:12","guid":{"rendered":"https:\/\/iskenderian.ch\/?post_type=product&#038;p=22921"},"modified":"2024-06-22T18:20:40","modified_gmt":"2024-06-22T18:20:40","slug":"cartier-bamboo-bangle","status":"publish","type":"product","link":"https:\/\/iskenderian.ch\/fr\/produit\/cartier-bamboo-bangle\/","title":{"rendered":"Bracelet Bambou en or de Cartier avec diamants"},"content":{"rendered":"<p>Cartier vintage \u00e9l\u00e9gant bracelet bangle en or 18K et diamants dans le d\u00e9sirable motif \"BAMBOO\".<br \/>\nSign\u00e9 Cartier, num\u00e9rot\u00e9 et marqu\u00e9. La partie centrale est incrust\u00e9e de diamants.<br \/>\nCette collection n'est plus fabriqu\u00e9e par Cartier.<br \/>\nChic et facile \u00e0 porter.<\/p>\n<p>Ce bracelet vintage rend hommage \u00e0 l'attrait intemporel du bambou. Son design complexe capture l'essence de la nature, avec de d\u00e9licates tiges de bambou orn\u00e9es de diamants exquis. Chaque diamant scintille comme les gouttes de ros\u00e9e sur les feuilles, ajoutant une touche d'opulence \u00e0 cette pi\u00e8ce d'inspiration organique.<\/p>\n<p>Cette cr\u00e9ation de Cartier est un m\u00e9lange harmonieux de savoir-faire et de style, parfait pour les occasions formelles et l'\u00e9l\u00e9gance de tous les jours. La porter, c'est comme porter une \u0153uvre d'art \u00e0 son poignet, un rappel de la fascination \u00e9ternelle pour la splendeur de la nature.<\/p>\n<p>Ce n'est pas un simple bracelet, c'est un symbole d'\u00e9l\u00e9gance intemporelle qui doit trouver sa place dans votre collection.<br \/>\nCette pi\u00e8ce exquise met en valeur la beaut\u00e9 du monde naturel et de la haute couture.<\/p>\n<p>Circonf\u00e9rence : environ 16,50 centim\u00e8tres (souple)<br \/>\n<br \/>\nHauteur : max. 0,90 centim\u00e8tres<br \/>\n<br \/>\nPoids brut total : 50,45 grammes.<br \/>\n<br \/>\nBo\u00eete d'origine Cartier.<\/p>\n<p>Cet article n'est plus disponible. Veuillez nous contacter si vous souhaitez \u00eatre inform\u00e9 de la disponibilit\u00e9 d'un article similaire.<\/p>","protected":false},"excerpt":{"rendered":"<p>Cartier vintage elegant 18K gold and diamond bangle bracelet in the desirable &#8220;BAMBOO&#8221; pattern. Signed Cartier, numbered and marked. Centre section is encrusted with diamonds. This Collection is no longer made by Cartier. Chic and wearable. This vintage bangle pays homage to the timeless appeal of bamboo. Its intricate design captures the essence of nature, [&hellip;]<\/p>","protected":false},"featured_media":22922,"template":"","meta":[],"product_cat":[32],"product_tag":[51,750,102,103,106],"yoast_head":"<!-- This site is optimized with the Yoast SEO plugin v23.6 - https:\/\/yoast.com\/wordpress\/plugins\/seo\/ -->\n<title>Cartier Gold Bamboo Bangle Bracelet with Diamonds - Iskenderian<\/title>\n<meta name=\"description\" content=\"Cartier Gold Bamboo Bangle Bracelet with Diamonds, Cartier vintage elegant 18K gold and diamond bangle bracelet in the desirable &quot;BAMBOO&quot; pattern.\" \/>\n<meta name=\"robots\" content=\"index, follow, max-snippet:-1, max-image-preview:large, max-video-preview:-1\" \/>\n<link rel=\"canonical\" href=\"https:\/\/iskenderian.ch\/fr\/produit\/cartier-bamboo-bangle\/\" \/>\n<meta property=\"og:locale\" content=\"fr_FR\" \/>\n<meta property=\"og:type\" content=\"article\" \/>\n<meta property=\"og:title\" content=\"Cartier Gold Bamboo Bangle Bracelet with Diamonds - Iskenderian\" \/>\n<meta property=\"og:description\" content=\"Cartier Gold Bamboo Bangle Bracelet with Diamonds, Cartier vintage elegant 18K gold and diamond bangle bracelet in the desirable &quot;BAMBOO&quot; pattern.\" \/>\n<meta property=\"og:url\" content=\"https:\/\/iskenderian.ch\/fr\/produit\/cartier-bamboo-bangle\/\" \/>\n<meta property=\"og:site_name\" content=\"Iskenderian\" \/>\n<meta property=\"article:publisher\" content=\"https:\/\/www.facebook.com\/iskenderian.ch\" \/>\n<meta property=\"article:modified_time\" content=\"2024-06-22T18:20:40+00:00\" \/>\n<meta name=\"twitter:card\" content=\"summary_large_image\" \/>\n<meta name=\"twitter:label1\" content=\"Dur\u00e9e de lecture estim\u00e9e\" \/>\n\t<meta name=\"twitter:data1\" content=\"1 minute\" \/>\n<script type=\"application\/ld+json\" class=\"yoast-schema-graph\">{\"@context\":\"https:\/\/schema.org\",\"@graph\":[{\"@type\":\"WebPage\",\"@id\":\"https:\/\/iskenderian.ch\/product\/cartier-bamboo-bangle\/\",\"url\":\"https:\/\/iskenderian.ch\/product\/cartier-bamboo-bangle\/\",\"name\":\"Cartier Gold Bamboo Bangle Bracelet with Diamonds - Iskenderian\",\"isPartOf\":{\"@id\":\"https:\/\/iskenderian.ch\/#website\"},\"primaryImageOfPage\":{\"@id\":\"https:\/\/iskenderian.ch\/product\/cartier-bamboo-bangle\/#primaryimage\"},\"image\":{\"@id\":\"https:\/\/iskenderian.ch\/product\/cartier-bamboo-bangle\/#primaryimage\"},\"thumbnailUrl\":\"https:\/\/iskenderian.ch\/wp-content\/uploads\/2024\/06\/Cartier_Gold_Bamboo_Bangle_Bracelet_23c1739_6-scaled-3-jpg.avif\",\"datePublished\":\"2023-11-16T12:50:12+00:00\",\"dateModified\":\"2024-06-22T18:20:40+00:00\",\"description\":\"Cartier Gold Bamboo Bangle Bracelet with Diamonds, Cartier vintage elegant 18K gold and diamond bangle bracelet in the desirable \\\"BAMBOO\\\" pattern.\",\"breadcrumb\":{\"@id\":\"https:\/\/iskenderian.ch\/product\/cartier-bamboo-bangle\/#breadcrumb\"},\"inLanguage\":\"fr-FR\",\"potentialAction\":[{\"@type\":\"ReadAction\",\"target\":[\"https:\/\/iskenderian.ch\/product\/cartier-bamboo-bangle\/\"]}]},{\"@type\":\"ImageObject\",\"inLanguage\":\"fr-FR\",\"@id\":\"https:\/\/iskenderian.ch\/product\/cartier-bamboo-bangle\/#primaryimage\",\"url\":\"https:\/\/iskenderian.ch\/wp-content\/uploads\/2024\/06\/Cartier_Gold_Bamboo_Bangle_Bracelet_23c1739_6-scaled-3-jpg.avif\",\"contentUrl\":\"https:\/\/iskenderian.ch\/wp-content\/uploads\/2024\/06\/Cartier_Gold_Bamboo_Bangle_Bracelet_23c1739_6-scaled-3-jpg.avif\",\"width\":2560,\"height\":2560,\"caption\":\"Front view of the Cartier Bangle Bamboo. The bracelet has a bamboo structure and looks as if it has 9 bamboo elements\"},{\"@type\":\"BreadcrumbList\",\"@id\":\"https:\/\/iskenderian.ch\/product\/cartier-bamboo-bangle\/#breadcrumb\",\"itemListElement\":[{\"@type\":\"ListItem\",\"position\":1,\"name\":\"Collection\",\"item\":\"https:\/\/iskenderian.ch\/collection\/\"},{\"@type\":\"ListItem\",\"position\":2,\"name\":\"Cartier Gold Bamboo Bangle Bracelet with Diamonds\"}]},{\"@type\":\"WebSite\",\"@id\":\"https:\/\/iskenderian.ch\/#website\",\"url\":\"https:\/\/iskenderian.ch\/\",\"name\":\"Iskenderian\",\"description\":\"Iskenderian I Jewelry I Bid Buy Sell\",\"publisher\":{\"@id\":\"https:\/\/iskenderian.ch\/#organization\"},\"potentialAction\":[{\"@type\":\"SearchAction\",\"target\":{\"@type\":\"EntryPoint\",\"urlTemplate\":\"https:\/\/iskenderian.ch\/?s={search_term_string}\"},\"query-input\":{\"@type\":\"PropertyValueSpecification\",\"valueRequired\":true,\"valueName\":\"search_term_string\"}}],\"inLanguage\":\"fr-FR\"},{\"@type\":\"Organization\",\"@id\":\"https:\/\/iskenderian.ch\/#organization\",\"name\":\"Iskenderian\",\"url\":\"https:\/\/iskenderian.ch\/\",\"logo\":{\"@type\":\"ImageObject\",\"inLanguage\":\"fr-FR\",\"@id\":\"https:\/\/iskenderian.ch\/#\/schema\/logo\/image\/\",\"url\":\"https:\/\/iskenderian.ch\/wp-content\/uploads\/2024\/04\/Iskenderian-Logo-Gold-r.png\",\"contentUrl\":\"https:\/\/iskenderian.ch\/wp-content\/uploads\/2024\/04\/Iskenderian-Logo-Gold-r.png\",\"width\":2598,\"height\":1057,\"caption\":\"Iskenderian\"},\"image\":{\"@id\":\"https:\/\/iskenderian.ch\/#\/schema\/logo\/image\/\"},\"sameAs\":[\"https:\/\/www.facebook.com\/iskenderian.ch\",\"https:\/\/www.linkedin.com\/company\/iskenderian\",\"https:\/\/www.instagram.com\/iskenderianjewels\/\"]}]}<\/script>\n<!-- \/ Yoast SEO plugin. -->","yoast_head_json":{"title":"Cartier Gold Bamboo Bangle Bracelet with Diamonds - Iskenderian","description":"Cartier Gold Bamboo Bangle Bracelet with Diamonds, Cartier vintage elegant 18K gold and diamond bangle bracelet in the desirable \"BAMBOO\" pattern.","robots":{"index":"index","follow":"follow","max-snippet":"max-snippet:-1","max-image-preview":"max-image-preview:large","max-video-preview":"max-video-preview:-1"},"canonical":"https:\/\/iskenderian.ch\/fr\/produit\/cartier-bamboo-bangle\/","og_locale":"fr_FR","og_type":"article","og_title":"Cartier Gold Bamboo Bangle Bracelet with Diamonds - Iskenderian","og_description":"Cartier Gold Bamboo Bangle Bracelet with Diamonds, Cartier vintage elegant 18K gold and diamond bangle bracelet in the desirable \"BAMBOO\" pattern.","og_url":"https:\/\/iskenderian.ch\/fr\/produit\/cartier-bamboo-bangle\/","og_site_name":"Iskenderian","article_publisher":"https:\/\/www.facebook.com\/iskenderian.ch","article_modified_time":"2024-06-22T18:20:40+00:00","twitter_card":"summary_large_image","twitter_misc":{"Dur\u00e9e de lecture estim\u00e9e":"1 minute"},"schema":{"@context":"https:\/\/schema.org","@graph":[{"@type":"WebPage","@id":"https:\/\/iskenderian.ch\/product\/cartier-bamboo-bangle\/","url":"https:\/\/iskenderian.ch\/product\/cartier-bamboo-bangle\/","name":"Cartier Gold Bamboo Bangle Bracelet with Diamonds - Iskenderian","isPartOf":{"@id":"https:\/\/iskenderian.ch\/#website"},"primaryImageOfPage":{"@id":"https:\/\/iskenderian.ch\/product\/cartier-bamboo-bangle\/#primaryimage"},"image":{"@id":"https:\/\/iskenderian.ch\/product\/cartier-bamboo-bangle\/#primaryimage"},"thumbnailUrl":"https:\/\/iskenderian.ch\/wp-content\/uploads\/2024\/06\/Cartier_Gold_Bamboo_Bangle_Bracelet_23c1739_6-scaled-3-jpg.avif","datePublished":"2023-11-16T12:50:12+00:00","dateModified":"2024-06-22T18:20:40+00:00","description":"Cartier Gold Bamboo Bangle Bracelet with Diamonds, Cartier vintage elegant 18K gold and diamond bangle bracelet in the desirable \"BAMBOO\" pattern.","breadcrumb":{"@id":"https:\/\/iskenderian.ch\/product\/cartier-bamboo-bangle\/#breadcrumb"},"inLanguage":"fr-FR","potentialAction":[{"@type":"ReadAction","target":["https:\/\/iskenderian.ch\/product\/cartier-bamboo-bangle\/"]}]},{"@type":"ImageObject","inLanguage":"fr-FR","@id":"https:\/\/iskenderian.ch\/product\/cartier-bamboo-bangle\/#primaryimage","url":"https:\/\/iskenderian.ch\/wp-content\/uploads\/2024\/06\/Cartier_Gold_Bamboo_Bangle_Bracelet_23c1739_6-scaled-3-jpg.avif","contentUrl":"https:\/\/iskenderian.ch\/wp-content\/uploads\/2024\/06\/Cartier_Gold_Bamboo_Bangle_Bracelet_23c1739_6-scaled-3-jpg.avif","width":2560,"height":2560,"caption":"Front view of the Cartier Bangle Bamboo. The bracelet has a bamboo structure and looks as if it has 9 bamboo elements"},{"@type":"BreadcrumbList","@id":"https:\/\/iskenderian.ch\/product\/cartier-bamboo-bangle\/#breadcrumb","itemListElement":[{"@type":"ListItem","position":1,"name":"Collection","item":"https:\/\/iskenderian.ch\/collection\/"},{"@type":"ListItem","position":2,"name":"Cartier Gold Bamboo Bangle Bracelet with Diamonds"}]},{"@type":"WebSite","@id":"https:\/\/iskenderian.ch\/#website","url":"https:\/\/iskenderian.ch\/","name":"Iskenderian","description":"Iskenderian I Jewelry I Bid Buy Sell","publisher":{"@id":"https:\/\/iskenderian.ch\/#organization"},"potentialAction":[{"@type":"SearchAction","target":{"@type":"EntryPoint","urlTemplate":"https:\/\/iskenderian.ch\/?s={search_term_string}"},"query-input":{"@type":"PropertyValueSpecification","valueRequired":true,"valueName":"search_term_string"}}],"inLanguage":"fr-FR"},{"@type":"Organization","@id":"https:\/\/iskenderian.ch\/#organization","name":"Iskenderian","url":"https:\/\/iskenderian.ch\/","logo":{"@type":"ImageObject","inLanguage":"fr-FR","@id":"https:\/\/iskenderian.ch\/#\/schema\/logo\/image\/","url":"https:\/\/iskenderian.ch\/wp-content\/uploads\/2024\/04\/Iskenderian-Logo-Gold-r.png","contentUrl":"https:\/\/iskenderian.ch\/wp-content\/uploads\/2024\/04\/Iskenderian-Logo-Gold-r.png","width":2598,"height":1057,"caption":"Iskenderian"},"image":{"@id":"https:\/\/iskenderian.ch\/#\/schema\/logo\/image\/"},"sameAs":["https:\/\/www.facebook.com\/iskenderian.ch","https:\/\/www.linkedin.com\/company\/iskenderian","https:\/\/www.instagram.com\/iskenderianjewels\/"]}]}},"_links":{"self":[{"href":"https:\/\/iskenderian.ch\/fr\/wp-json\/wp\/v2\/product\/22921"}],"collection":[{"href":"https:\/\/iskenderian.ch\/fr\/wp-json\/wp\/v2\/product"}],"about":[{"href":"https:\/\/iskenderian.ch\/fr\/wp-json\/wp\/v2\/types\/product"}],"wp:featuredmedia":[{"embeddable":true,"href":"https:\/\/iskenderian.ch\/fr\/wp-json\/wp\/v2\/media\/22922"}],"wp:attachment":[{"href":"https:\/\/iskenderian.ch\/fr\/wp-json\/wp\/v2\/media?parent=22921"}],"wp:term":[{"taxonomy":"product_cat","embeddable":true,"href":"https:\/\/iskenderian.ch\/fr\/wp-json\/wp\/v2\/product_cat?post=22921"},{"taxonomy":"product_tag","embeddable":true,"href":"https:\/\/iskenderian.ch\/fr\/wp-json\/wp\/v2\/product_tag?post=22921"}],"curies":[{"name":"wp","href":"https:\/\/api.w.org\/{rel}","templated":true}]}}