{"id":1531,"date":"2021-11-11T15:27:02","date_gmt":"2021-11-11T15:27:02","guid":{"rendered":"https:\/\/iskenderian.ch\/?post_type=product&#038;p=1531"},"modified":"2025-11-09T17:59:11","modified_gmt":"2025-11-09T17:59:11","slug":"colored-cultured-pearl-gold-clasp-necklace","status":"publish","type":"product","link":"https:\/\/iskenderian.ch\/fr\/produit\/colored-cultured-pearl-gold-clasp-necklace\/","title":{"rendered":"Collier de perles de culture color\u00e9es avec fermoir en or"},"content":{"rendered":"<p>Collier de perles de culture color\u00e9es en or blanc et diamants.<br \/>\nPar\u00e9 d'\u00e9l\u00e9gance et de sophistication avec notre collier de perles de culture color\u00e9es en or blanc.<\/p>\n<p>Chaque perle lustr\u00e9e est soigneusement s\u00e9lectionn\u00e9e et enfil\u00e9e, pour aboutir \u00e0 un spectacle envo\u00fbtant d'opulence. Le point de mire est un superbe fermoir en or blanc et diamants, qui ajoute une touche de brillance et de glamour \u00e0 cette pi\u00e8ce intemporelle.<\/p>\n<p>Longueur totale : 18,11 pouces (46,00 centim\u00e8tres).<\/p>\n<p>Poids total : 103,83 grammes<\/p>\n<p>CHF 2,590.- Swiss Francs<\/p>","protected":false},"excerpt":{"rendered":"<p>Colored Cultured Pearl White Gold and Diamond clasp Necklace. Adorn yourself with elegance and sophistication with our Colored Cultured Pearl White Gold Necklace. Each lustrous pearl is carefully selected and strung together, culminating in a mesmerizing display of opulence. The focal point is a stunning White Gold and Diamond clasp, adding a touch of brilliance [&hellip;]<\/p>","protected":false},"featured_media":1532,"template":"","meta":[],"product_cat":[32],"product_tag":[66,67,95],"yoast_head":"<!-- This site is optimized with the Yoast SEO plugin v23.6 - https:\/\/yoast.com\/wordpress\/plugins\/seo\/ -->\n<title>Colored Cultured Pearl Gold clasp Necklace - Iskenderian<\/title>\n<meta name=\"description\" content=\"Colored Cultured Pearl Gold clasp Necklace\" \/>\n<meta name=\"robots\" content=\"index, follow, max-snippet:-1, max-image-preview:large, max-video-preview:-1\" \/>\n<link rel=\"canonical\" href=\"https:\/\/iskenderian.ch\/fr\/produit\/colored-cultured-pearl-gold-clasp-necklace\/\" \/>\n<meta property=\"og:locale\" content=\"fr_FR\" \/>\n<meta property=\"og:type\" content=\"article\" \/>\n<meta property=\"og:title\" content=\"Colored Cultured Pearl Gold clasp Necklace - Iskenderian\" \/>\n<meta property=\"og:description\" content=\"Colored Cultured Pearl Gold clasp Necklace\" \/>\n<meta property=\"og:url\" content=\"https:\/\/iskenderian.ch\/fr\/produit\/colored-cultured-pearl-gold-clasp-necklace\/\" \/>\n<meta property=\"og:site_name\" content=\"Iskenderian\" \/>\n<meta property=\"article:publisher\" content=\"https:\/\/www.facebook.com\/iskenderian.ch\" \/>\n<meta property=\"article:modified_time\" content=\"2025-11-09T17:59:11+00:00\" \/>\n<meta property=\"og:image\" content=\"https:\/\/iskenderian.ch\/wp-content\/uploads\/2024\/06\/20a217_1-Colored-cultured-yellow-brown-grey-pearl-gold-necklace-scaled-3-jpg.avif\" \/>\n\t<meta property=\"og:image:width\" content=\"2560\" \/>\n\t<meta property=\"og:image:height\" content=\"2560\" \/>\n\t<meta property=\"og:image:type\" content=\"image\/jpeg\" \/>\n<meta name=\"twitter:card\" content=\"summary_large_image\" \/>\n<meta name=\"twitter:label1\" content=\"Dur\u00e9e de lecture estim\u00e9e\" \/>\n\t<meta name=\"twitter:data1\" content=\"1 minute\" \/>\n<script type=\"application\/ld+json\" class=\"yoast-schema-graph\">{\"@context\":\"https:\/\/schema.org\",\"@graph\":[{\"@type\":\"WebPage\",\"@id\":\"https:\/\/iskenderian.ch\/product\/colored-cultured-pearl-gold-clasp-necklace\/\",\"url\":\"https:\/\/iskenderian.ch\/product\/colored-cultured-pearl-gold-clasp-necklace\/\",\"name\":\"Colored Cultured Pearl Gold clasp Necklace - Iskenderian\",\"isPartOf\":{\"@id\":\"https:\/\/iskenderian.ch\/#website\"},\"primaryImageOfPage\":{\"@id\":\"https:\/\/iskenderian.ch\/product\/colored-cultured-pearl-gold-clasp-necklace\/#primaryimage\"},\"image\":{\"@id\":\"https:\/\/iskenderian.ch\/product\/colored-cultured-pearl-gold-clasp-necklace\/#primaryimage\"},\"thumbnailUrl\":\"https:\/\/iskenderian.ch\/wp-content\/uploads\/2024\/06\/20a217_1-Colored-cultured-yellow-brown-grey-pearl-gold-necklace-scaled-3-jpg.avif\",\"datePublished\":\"2021-11-11T15:27:02+00:00\",\"dateModified\":\"2025-11-09T17:59:11+00:00\",\"description\":\"Colored Cultured Pearl Gold clasp Necklace\",\"breadcrumb\":{\"@id\":\"https:\/\/iskenderian.ch\/product\/colored-cultured-pearl-gold-clasp-necklace\/#breadcrumb\"},\"inLanguage\":\"fr-FR\",\"potentialAction\":[{\"@type\":\"ReadAction\",\"target\":[\"https:\/\/iskenderian.ch\/product\/colored-cultured-pearl-gold-clasp-necklace\/\"]}]},{\"@type\":\"ImageObject\",\"inLanguage\":\"fr-FR\",\"@id\":\"https:\/\/iskenderian.ch\/product\/colored-cultured-pearl-gold-clasp-necklace\/#primaryimage\",\"url\":\"https:\/\/iskenderian.ch\/wp-content\/uploads\/2024\/06\/20a217_1-Colored-cultured-yellow-brown-grey-pearl-gold-necklace-scaled-3-jpg.avif\",\"contentUrl\":\"https:\/\/iskenderian.ch\/wp-content\/uploads\/2024\/06\/20a217_1-Colored-cultured-yellow-brown-grey-pearl-gold-necklace-scaled-3-jpg.avif\",\"width\":2560,\"height\":2560,\"caption\":\"Colored cultured yellow brown grey pearl gold necklace\"},{\"@type\":\"BreadcrumbList\",\"@id\":\"https:\/\/iskenderian.ch\/product\/colored-cultured-pearl-gold-clasp-necklace\/#breadcrumb\",\"itemListElement\":[{\"@type\":\"ListItem\",\"position\":1,\"name\":\"Collection\",\"item\":\"https:\/\/iskenderian.ch\/collection\/\"},{\"@type\":\"ListItem\",\"position\":2,\"name\":\"Colored Cultured Pearl Gold clasp Necklace\"}]},{\"@type\":\"WebSite\",\"@id\":\"https:\/\/iskenderian.ch\/#website\",\"url\":\"https:\/\/iskenderian.ch\/\",\"name\":\"Iskenderian\",\"description\":\"Iskenderian I Jewelry I Bid Buy Sell\",\"publisher\":{\"@id\":\"https:\/\/iskenderian.ch\/#organization\"},\"potentialAction\":[{\"@type\":\"SearchAction\",\"target\":{\"@type\":\"EntryPoint\",\"urlTemplate\":\"https:\/\/iskenderian.ch\/?s={search_term_string}\"},\"query-input\":{\"@type\":\"PropertyValueSpecification\",\"valueRequired\":true,\"valueName\":\"search_term_string\"}}],\"inLanguage\":\"fr-FR\"},{\"@type\":\"Organization\",\"@id\":\"https:\/\/iskenderian.ch\/#organization\",\"name\":\"Iskenderian\",\"url\":\"https:\/\/iskenderian.ch\/\",\"logo\":{\"@type\":\"ImageObject\",\"inLanguage\":\"fr-FR\",\"@id\":\"https:\/\/iskenderian.ch\/#\/schema\/logo\/image\/\",\"url\":\"https:\/\/iskenderian.ch\/wp-content\/uploads\/2024\/04\/Iskenderian-Logo-Gold-r.png\",\"contentUrl\":\"https:\/\/iskenderian.ch\/wp-content\/uploads\/2024\/04\/Iskenderian-Logo-Gold-r.png\",\"width\":2598,\"height\":1057,\"caption\":\"Iskenderian\"},\"image\":{\"@id\":\"https:\/\/iskenderian.ch\/#\/schema\/logo\/image\/\"},\"sameAs\":[\"https:\/\/www.facebook.com\/iskenderian.ch\",\"https:\/\/www.linkedin.com\/company\/iskenderian\",\"https:\/\/www.instagram.com\/iskenderianjewels\/\"]}]}<\/script>\n<!-- \/ Yoast SEO plugin. -->","yoast_head_json":{"title":"Colored Cultured Pearl Gold clasp Necklace - Iskenderian","description":"Colored Cultured Pearl Gold clasp Necklace","robots":{"index":"index","follow":"follow","max-snippet":"max-snippet:-1","max-image-preview":"max-image-preview:large","max-video-preview":"max-video-preview:-1"},"canonical":"https:\/\/iskenderian.ch\/fr\/produit\/colored-cultured-pearl-gold-clasp-necklace\/","og_locale":"fr_FR","og_type":"article","og_title":"Colored Cultured Pearl Gold clasp Necklace - Iskenderian","og_description":"Colored Cultured Pearl Gold clasp Necklace","og_url":"https:\/\/iskenderian.ch\/fr\/produit\/colored-cultured-pearl-gold-clasp-necklace\/","og_site_name":"Iskenderian","article_publisher":"https:\/\/www.facebook.com\/iskenderian.ch","article_modified_time":"2025-11-09T17:59:11+00:00","og_image":[{"width":2560,"height":2560,"url":"https:\/\/iskenderian.ch\/wp-content\/uploads\/2024\/06\/20a217_1-Colored-cultured-yellow-brown-grey-pearl-gold-necklace-scaled-3-jpg.avif","type":"image\/jpeg"}],"twitter_card":"summary_large_image","twitter_misc":{"Dur\u00e9e de lecture estim\u00e9e":"1 minute"},"schema":{"@context":"https:\/\/schema.org","@graph":[{"@type":"WebPage","@id":"https:\/\/iskenderian.ch\/product\/colored-cultured-pearl-gold-clasp-necklace\/","url":"https:\/\/iskenderian.ch\/product\/colored-cultured-pearl-gold-clasp-necklace\/","name":"Colored Cultured Pearl Gold clasp Necklace - Iskenderian","isPartOf":{"@id":"https:\/\/iskenderian.ch\/#website"},"primaryImageOfPage":{"@id":"https:\/\/iskenderian.ch\/product\/colored-cultured-pearl-gold-clasp-necklace\/#primaryimage"},"image":{"@id":"https:\/\/iskenderian.ch\/product\/colored-cultured-pearl-gold-clasp-necklace\/#primaryimage"},"thumbnailUrl":"https:\/\/iskenderian.ch\/wp-content\/uploads\/2024\/06\/20a217_1-Colored-cultured-yellow-brown-grey-pearl-gold-necklace-scaled-3-jpg.avif","datePublished":"2021-11-11T15:27:02+00:00","dateModified":"2025-11-09T17:59:11+00:00","description":"Colored Cultured Pearl Gold clasp Necklace","breadcrumb":{"@id":"https:\/\/iskenderian.ch\/product\/colored-cultured-pearl-gold-clasp-necklace\/#breadcrumb"},"inLanguage":"fr-FR","potentialAction":[{"@type":"ReadAction","target":["https:\/\/iskenderian.ch\/product\/colored-cultured-pearl-gold-clasp-necklace\/"]}]},{"@type":"ImageObject","inLanguage":"fr-FR","@id":"https:\/\/iskenderian.ch\/product\/colored-cultured-pearl-gold-clasp-necklace\/#primaryimage","url":"https:\/\/iskenderian.ch\/wp-content\/uploads\/2024\/06\/20a217_1-Colored-cultured-yellow-brown-grey-pearl-gold-necklace-scaled-3-jpg.avif","contentUrl":"https:\/\/iskenderian.ch\/wp-content\/uploads\/2024\/06\/20a217_1-Colored-cultured-yellow-brown-grey-pearl-gold-necklace-scaled-3-jpg.avif","width":2560,"height":2560,"caption":"Colored cultured yellow brown grey pearl gold necklace"},{"@type":"BreadcrumbList","@id":"https:\/\/iskenderian.ch\/product\/colored-cultured-pearl-gold-clasp-necklace\/#breadcrumb","itemListElement":[{"@type":"ListItem","position":1,"name":"Collection","item":"https:\/\/iskenderian.ch\/collection\/"},{"@type":"ListItem","position":2,"name":"Colored Cultured Pearl Gold clasp Necklace"}]},{"@type":"WebSite","@id":"https:\/\/iskenderian.ch\/#website","url":"https:\/\/iskenderian.ch\/","name":"Iskenderian","description":"Iskenderian I Jewelry I Bid Buy Sell","publisher":{"@id":"https:\/\/iskenderian.ch\/#organization"},"potentialAction":[{"@type":"SearchAction","target":{"@type":"EntryPoint","urlTemplate":"https:\/\/iskenderian.ch\/?s={search_term_string}"},"query-input":{"@type":"PropertyValueSpecification","valueRequired":true,"valueName":"search_term_string"}}],"inLanguage":"fr-FR"},{"@type":"Organization","@id":"https:\/\/iskenderian.ch\/#organization","name":"Iskenderian","url":"https:\/\/iskenderian.ch\/","logo":{"@type":"ImageObject","inLanguage":"fr-FR","@id":"https:\/\/iskenderian.ch\/#\/schema\/logo\/image\/","url":"https:\/\/iskenderian.ch\/wp-content\/uploads\/2024\/04\/Iskenderian-Logo-Gold-r.png","contentUrl":"https:\/\/iskenderian.ch\/wp-content\/uploads\/2024\/04\/Iskenderian-Logo-Gold-r.png","width":2598,"height":1057,"caption":"Iskenderian"},"image":{"@id":"https:\/\/iskenderian.ch\/#\/schema\/logo\/image\/"},"sameAs":["https:\/\/www.facebook.com\/iskenderian.ch","https:\/\/www.linkedin.com\/company\/iskenderian","https:\/\/www.instagram.com\/iskenderianjewels\/"]}]}},"_links":{"self":[{"href":"https:\/\/iskenderian.ch\/fr\/wp-json\/wp\/v2\/product\/1531"}],"collection":[{"href":"https:\/\/iskenderian.ch\/fr\/wp-json\/wp\/v2\/product"}],"about":[{"href":"https:\/\/iskenderian.ch\/fr\/wp-json\/wp\/v2\/types\/product"}],"wp:featuredmedia":[{"embeddable":true,"href":"https:\/\/iskenderian.ch\/fr\/wp-json\/wp\/v2\/media\/1532"}],"wp:attachment":[{"href":"https:\/\/iskenderian.ch\/fr\/wp-json\/wp\/v2\/media?parent=1531"}],"wp:term":[{"taxonomy":"product_cat","embeddable":true,"href":"https:\/\/iskenderian.ch\/fr\/wp-json\/wp\/v2\/product_cat?post=1531"},{"taxonomy":"product_tag","embeddable":true,"href":"https:\/\/iskenderian.ch\/fr\/wp-json\/wp\/v2\/product_tag?post=1531"}],"curies":[{"name":"wp","href":"https:\/\/api.w.org\/{rel}","templated":true}]}}