{"id":24955,"date":"2024-06-24T14:12:26","date_gmt":"2024-06-24T14:12:26","guid":{"rendered":"https:\/\/iskenderian.ch\/?page_id=24955"},"modified":"2024-06-26T12:43:00","modified_gmt":"2024-06-26T12:43:00","slug":"lookbook-ecce-femina","status":"publish","type":"page","link":"https:\/\/iskenderian.ch\/de\/lookbook-ecce-femina\/","title":{"rendered":"lookbook ecce femina"},"content":{"rendered":"<div data-elementor-type=\"wp-page\" data-elementor-id=\"24955\" class=\"elementor elementor-24955\" data-elementor-post-type=\"page\">\n\t\t\t\t<div class=\"elementor-element elementor-element-7b1fdea5 e-flex e-con-boxed e-con e-parent\" data-id=\"7b1fdea5\" data-element_type=\"container\">\n\t\t\t\t\t<div class=\"e-con-inner\">\n\t\t\t\t<div class=\"elementor-element elementor-element-54e97987 elementor-widget__width-initial elementor-widget-mobile__width-initial elementor-widget elementor-widget-heading\" data-id=\"54e97987\" data-element_type=\"widget\" data-widget_type=\"heading.default\">\n\t\t\t\t<div class=\"elementor-widget-container\">\n\t\t\t\t\t<h2 class=\"elementor-heading-title elementor-size-default\">Ecce Femina<\/h2>\t\t\t\t<\/div>\n\t\t\t\t<\/div>\n\t\t\t\t\t<\/div>\n\t\t\t\t<\/div>\n\t\t<div class=\"elementor-element elementor-element-fd11b32 e-flex e-con-boxed e-con e-parent\" data-id=\"fd11b32\" data-element_type=\"container\">\n\t\t\t\t\t<div class=\"e-con-inner\">\n\t\t<div class=\"elementor-element elementor-element-4429a44 e-con-full e-flex e-con e-child\" data-id=\"4429a44\" data-element_type=\"container\">\n\t\t\t\t<div class=\"elementor-element elementor-element-4efcd10c elementor-widget__width-initial elementor-widget-mobile__width-initial elementor-widget elementor-widget-heading\" data-id=\"4efcd10c\" data-element_type=\"widget\" data-widget_type=\"heading.default\">\n\t\t\t\t<div class=\"elementor-widget-container\">\n\t\t\t\t\t<h2 class=\"elementor-heading-title elementor-size-default\">Inspiriert von der zeitlosen Anziehungskraft des italienischen Glamours und dem opulenten Lebensstil der Dolce-Vita-\u00c4ra, f\u00e4ngt Ecce Femina die Essenz des Vintage-Luxus mit einem modernen Twist ein. Jedes St\u00fcck wird sorgf\u00e4ltig gefertigt, um die nat\u00fcrliche Sch\u00f6nheit der Tr\u00e4gerin zu unterstreichen und einen Hauch von Raffinesse und Anmut zu verbreiten.\n\n<\/h2>\t\t\t\t<\/div>\n\t\t\t\t<\/div>\n\t\t\t\t<\/div>\n\t\t<div class=\"elementor-element elementor-element-2a58430 e-con-full e-flex e-con e-child\" data-id=\"2a58430\" data-element_type=\"container\">\n\t\t\t\t<div class=\"elementor-element elementor-element-9ffe293 elementor-widget elementor-widget-video\" data-id=\"9ffe293\" data-element_type=\"widget\" data-settings=\"{&quot;video_type&quot;:&quot;hosted&quot;,&quot;autoplay&quot;:&quot;yes&quot;,&quot;play_on_mobile&quot;:&quot;yes&quot;,&quot;loop&quot;:&quot;yes&quot;}\" data-widget_type=\"video.default\">\n\t\t\t\t<div class=\"elementor-widget-container\">\n\t\t\t\t\t\t\t<div class=\"e-hosted-video elementor-wrapper elementor-open-inline\">\n\t\t\t\t\t<video class=\"elementor-video\" src=\"https:\/\/iskenderian.ch\/wp-content\/uploads\/2024\/06\/ecce_neu01-1.mp4\" autoplay=\"\" loop=\"\" playsinline=\"\" controlslist=\"nodownload\"><\/video>\n\t\t\t\t<\/div>\n\t\t\t\t\t\t<\/div>\n\t\t\t\t<\/div>\n\t\t\t\t<\/div>\n\t\t\t\t\t<\/div>\n\t\t\t\t<\/div>\n\t\t<div class=\"elementor-element elementor-element-2de92323 e-flex e-con-boxed e-con e-parent\" data-id=\"2de92323\" data-element_type=\"container\">\n\t\t\t\t\t<div class=\"e-con-inner\">\n\t\t\t\t<div class=\"elementor-element elementor-element-1680679f elementor-widget-divider--view-line elementor-widget elementor-widget-divider\" data-id=\"1680679f\" data-element_type=\"widget\" data-widget_type=\"divider.default\">\n\t\t\t\t<div class=\"elementor-widget-container\">\n\t\t\t\t\t\t\t<div class=\"elementor-divider\">\n\t\t\t<span class=\"elementor-divider-separator\">\n\t\t\t\t\t\t<\/span>\n\t\t<\/div>\n\t\t\t\t\t\t<\/div>\n\t\t\t\t<\/div>\n\t\t\t\t\t<\/div>\n\t\t\t\t<\/div>\n\t\t<div class=\"elementor-element elementor-element-25952b42 e-flex e-con-boxed e-con e-parent\" data-id=\"25952b42\" data-element_type=\"container\">\n\t\t\t\t\t<div class=\"e-con-inner\">\n\t\t<div class=\"elementor-element elementor-element-5f672afc e-con-full e-flex e-con e-child\" data-id=\"5f672afc\" data-element_type=\"container\">\n\t\t\t\t<div class=\"elementor-element elementor-element-326e5350 elementor-widget__width-initial elementor-widget elementor-widget-image\" data-id=\"326e5350\" data-element_type=\"widget\" data-widget_type=\"image.default\">\n\t\t\t\t<div class=\"elementor-widget-container\">\n\t\t\t\t\t\t\t\t\t\t\t\t\t\t\t<img decoding=\"async\" src=\"https:\/\/iskenderian.ch\/wp-content\/uploads\/elementor\/thumbs\/D-2-1-scaled-jpg-qumpa68h5qszulwm2l96tx3mw9sbihepoul32wmozk.avif\" title=\"D 2\" alt=\"D 2\" loading=\"lazy\" \/>\t\t\t\t\t\t\t\t\t\t\t\t\t\t\t<\/div>\n\t\t\t\t<\/div>\n\t\t\t\t<\/div>\n\t\t\t\t<div class=\"elementor-element elementor-element-b6a030e elementor-widget__width-initial elementor-widget-tablet__width-initial elementor-widget-mobile__width-initial elementor-widget elementor-widget-heading\" data-id=\"b6a030e\" data-element_type=\"widget\" data-widget_type=\"heading.default\">\n\t\t\t\t<div class=\"elementor-widget-container\">\n\t\t\t\t\t<h2 class=\"elementor-heading-title elementor-size-default\">Von schillernden Diamanthalsketten bis hin zu kunstvoll gestalteten Cocktailringen ist jedes St\u00fcck der Ecce Femina-Kollektion ein Zeugnis f\u00fcr Iskenderians unvergleichliche Kollektion und Liebe zum Detail. Die mit erlesenen Edelsteinen und Edelmetallen verzierten Kreationen sind dazu bestimmt, ein Leben lang in Ehren gehalten zu werden.<\/h2>\t\t\t\t<\/div>\n\t\t\t\t<\/div>\n\t\t\t\t<div class=\"elementor-element elementor-element-180527e1 elementor-widget__width-initial elementor-widget-tablet__width-initial elementor-widget-mobile__width-initial elementor-widget elementor-widget-image\" data-id=\"180527e1\" data-element_type=\"widget\" data-widget_type=\"image.default\">\n\t\t\t\t<div class=\"elementor-widget-container\">\n\t\t\t\t\t\t\t\t\t\t\t\t\t\t\t<img fetchpriority=\"high\" decoding=\"async\" width=\"747\" height=\"1024\" src=\"https:\/\/iskenderian.ch\/wp-content\/uploads\/2024\/06\/C-4-1-747x1024.jpg\" class=\"attachment-large size-large wp-image-778\" alt=\"\" srcset=\"https:\/\/iskenderian.ch\/wp-content\/uploads\/2024\/06\/C-4-1-747x1024.jpg 747w, https:\/\/iskenderian.ch\/wp-content\/uploads\/2024\/06\/C-4-1-600x823.avif 600w, https:\/\/iskenderian.ch\/wp-content\/uploads\/2024\/06\/C-4-1-64x88.avif 64w, https:\/\/iskenderian.ch\/wp-content\/uploads\/2024\/06\/C-4-1-219x300.jpg 219w, https:\/\/iskenderian.ch\/wp-content\/uploads\/2024\/06\/C-4-1-768x1053.jpg 768w, https:\/\/iskenderian.ch\/wp-content\/uploads\/2024\/06\/C-4-1-1120x1536.jpg 1120w, https:\/\/iskenderian.ch\/wp-content\/uploads\/2024\/06\/C-4-1-1493x2048.jpg 1493w, https:\/\/iskenderian.ch\/wp-content\/uploads\/2024\/06\/C-4-1-jpg.avif 1531w\" sizes=\"(max-width: 747px) 100vw, 747px\" \/>\t\t\t\t\t\t\t\t\t\t\t\t\t\t\t<\/div>\n\t\t\t\t<\/div>\n\t\t\t\t\t<\/div>\n\t\t\t\t<\/div>\n\t\t<div class=\"elementor-element elementor-element-43a3755e e-flex e-con-boxed e-con e-parent\" data-id=\"43a3755e\" data-element_type=\"container\">\n\t\t\t\t\t<div class=\"e-con-inner\">\n\t\t<div class=\"elementor-element elementor-element-6f594caa e-con-full e-flex e-con e-child\" data-id=\"6f594caa\" data-element_type=\"container\">\n\t\t\t\t<div class=\"elementor-element elementor-element-3c83c6c0 elementor-widget elementor-widget-heading\" data-id=\"3c83c6c0\" data-element_type=\"widget\" data-widget_type=\"heading.default\">\n\t\t\t\t<div class=\"elementor-widget-container\">\n\t\t\t\t\t<h2 class=\"elementor-heading-title elementor-size-default\">Wenn die Sonne \u00fcber den ruhigen Gew\u00e4ssern des Comer Sees untergeht, erwacht die Ecce Femina-Kollektion zum Leben und l\u00e4sst die Sch\u00f6nheit jeder Frau, die sie tr\u00e4gt, erstrahlen. Ob auf einer luxuri\u00f6sen Yacht oder bei einem Spaziergang entlang der malerischen Ufer, diese zeitlosen St\u00fccke sind der Inbegriff von Eleganz und Raffinesse.<\/h2>\t\t\t\t<\/div>\n\t\t\t\t<\/div>\n\t\t\t\t<\/div>\n\t\t<div class=\"elementor-element elementor-element-79ccb1fd e-con-full e-flex e-con e-child\" data-id=\"79ccb1fd\" data-element_type=\"container\">\n\t\t\t\t<div class=\"elementor-element elementor-element-2afbb0f8 elementor-widget elementor-widget-image\" data-id=\"2afbb0f8\" data-element_type=\"widget\" data-widget_type=\"image.default\">\n\t\t\t\t<div class=\"elementor-widget-container\">\n\t\t\t\t\t\t\t\t\t\t\t\t\t\t\t<img decoding=\"async\" width=\"800\" height=\"800\" src=\"https:\/\/iskenderian.ch\/wp-content\/uploads\/2024\/06\/D-1-1-1024x1024.jpg\" class=\"attachment-large size-large wp-image-779\" alt=\"\" srcset=\"https:\/\/iskenderian.ch\/wp-content\/uploads\/2024\/06\/D-1-1-1024x1024.jpg 1024w, https:\/\/iskenderian.ch\/wp-content\/uploads\/2024\/06\/D-1-1-300x300.jpg 300w, https:\/\/iskenderian.ch\/wp-content\/uploads\/2024\/06\/D-1-1-scaled-100x100.avif 100w, https:\/\/iskenderian.ch\/wp-content\/uploads\/2024\/06\/D-1-1-scaled-600x600.avif 600w, https:\/\/iskenderian.ch\/wp-content\/uploads\/2024\/06\/D-1-1-scaled-64x64.avif 64w, https:\/\/iskenderian.ch\/wp-content\/uploads\/2024\/06\/D-1-1-150x150.jpg 150w, https:\/\/iskenderian.ch\/wp-content\/uploads\/2024\/06\/D-1-1-768x768.jpg 768w, https:\/\/iskenderian.ch\/wp-content\/uploads\/2024\/06\/D-1-1-1536x1536.jpg 1536w, https:\/\/iskenderian.ch\/wp-content\/uploads\/2024\/06\/D-1-1-2048x2048.jpg 2048w\" sizes=\"(max-width: 800px) 100vw, 800px\" \/>\t\t\t\t\t\t\t\t\t\t\t\t\t\t\t<\/div>\n\t\t\t\t<\/div>\n\t\t\t\t<\/div>\n\t\t<div class=\"elementor-element elementor-element-67a7984 e-con-full e-flex e-con e-child\" data-id=\"67a7984\" data-element_type=\"container\">\n\t\t\t\t<div class=\"elementor-element elementor-element-f76409d elementor-widget elementor-widget-image\" data-id=\"f76409d\" data-element_type=\"widget\" data-widget_type=\"image.default\">\n\t\t\t\t<div class=\"elementor-widget-container\">\n\t\t\t\t\t\t\t\t\t\t\t\t\t\t\t<img decoding=\"async\" width=\"800\" height=\"861\" src=\"https:\/\/iskenderian.ch\/wp-content\/uploads\/2024\/06\/B-4-1-952x1024.jpg\" class=\"attachment-large size-large wp-image-773\" alt=\"\" srcset=\"https:\/\/iskenderian.ch\/wp-content\/uploads\/2024\/06\/B-4-1-952x1024.jpg 952w, https:\/\/iskenderian.ch\/wp-content\/uploads\/2024\/06\/B-4-1-600x645.avif 600w, https:\/\/iskenderian.ch\/wp-content\/uploads\/2024\/06\/B-4-1-64x69.avif 64w, https:\/\/iskenderian.ch\/wp-content\/uploads\/2024\/06\/B-4-1-279x300.jpg 279w, https:\/\/iskenderian.ch\/wp-content\/uploads\/2024\/06\/B-4-1-768x826.jpg 768w, https:\/\/iskenderian.ch\/wp-content\/uploads\/2024\/06\/B-4-1-jpg.avif 1030w\" sizes=\"(max-width: 800px) 100vw, 800px\" \/>\t\t\t\t\t\t\t\t\t\t\t\t\t\t\t<\/div>\n\t\t\t\t<\/div>\n\t\t\t\t<\/div>\n\t\t<div class=\"elementor-element elementor-element-5c765623 e-con-full e-flex e-con e-child\" data-id=\"5c765623\" data-element_type=\"container\">\n\t\t\t\t<div class=\"elementor-element elementor-element-292e24b8 elementor-widget elementor-widget-image\" data-id=\"292e24b8\" data-element_type=\"widget\" data-widget_type=\"image.default\">\n\t\t\t\t<div class=\"elementor-widget-container\">\n\t\t\t\t\t\t\t\t\t\t\t\t\t\t\t<img loading=\"lazy\" decoding=\"async\" width=\"800\" height=\"800\" src=\"https:\/\/iskenderian.ch\/wp-content\/uploads\/2024\/06\/B-5-1-1024x1024.jpg\" class=\"attachment-large size-large wp-image-774\" alt=\"\" srcset=\"https:\/\/iskenderian.ch\/wp-content\/uploads\/2024\/06\/B-5-1-1024x1024.jpg 1024w, https:\/\/iskenderian.ch\/wp-content\/uploads\/2024\/06\/B-5-1-300x300.jpg 300w, https:\/\/iskenderian.ch\/wp-content\/uploads\/2024\/06\/B-5-1-scaled-100x100.avif 100w, https:\/\/iskenderian.ch\/wp-content\/uploads\/2024\/06\/B-5-1-scaled-600x600.avif 600w, https:\/\/iskenderian.ch\/wp-content\/uploads\/2024\/06\/B-5-1-scaled-64x64.avif 64w, https:\/\/iskenderian.ch\/wp-content\/uploads\/2024\/06\/B-5-1-150x150.jpg 150w, https:\/\/iskenderian.ch\/wp-content\/uploads\/2024\/06\/B-5-1-768x768.jpg 768w, https:\/\/iskenderian.ch\/wp-content\/uploads\/2024\/06\/B-5-1-1536x1536.jpg 1536w, https:\/\/iskenderian.ch\/wp-content\/uploads\/2024\/06\/B-5-1-2048x2048.jpg 2048w\" sizes=\"(max-width: 800px) 100vw, 800px\" \/>\t\t\t\t\t\t\t\t\t\t\t\t\t\t\t<\/div>\n\t\t\t\t<\/div>\n\t\t\t\t<\/div>\n\t\t<div class=\"elementor-element elementor-element-5aa407d4 e-con-full e-flex e-con e-child\" data-id=\"5aa407d4\" data-element_type=\"container\">\n\t\t\t\t<div class=\"elementor-element elementor-element-31dd4ebc elementor-widget elementor-widget-heading\" data-id=\"31dd4ebc\" data-element_type=\"widget\" data-widget_type=\"heading.default\">\n\t\t\t\t<div class=\"elementor-widget-container\">\n\t\t\t\t\t<h2 class=\"elementor-heading-title elementor-size-default\">Tauchen Sie also ein in die Sch\u00f6nheit von Ecce Femina und erleben Sie die Essenz zeitloser Eleganz. Mit Iskenderian ist jeder Moment eine Gelegenheit, die au\u00dfergew\u00f6hnliche Sch\u00f6nheit von Frauen \u00fcberall zu feiern.<\/h2>\t\t\t\t<\/div>\n\t\t\t\t<\/div>\n\t\t\t\t<\/div>\n\t\t<div class=\"elementor-element elementor-element-4354b34c e-con-full e-flex e-con e-child\" data-id=\"4354b34c\" data-element_type=\"container\">\n\t\t\t\t<div class=\"elementor-element elementor-element-5d68550b elementor-widget elementor-widget-image\" data-id=\"5d68550b\" data-element_type=\"widget\" data-widget_type=\"image.default\">\n\t\t\t\t<div class=\"elementor-widget-container\">\n\t\t\t\t\t\t\t\t\t\t\t\t\t\t\t<img loading=\"lazy\" decoding=\"async\" width=\"800\" height=\"800\" src=\"https:\/\/iskenderian.ch\/wp-content\/uploads\/2024\/06\/B-2-1-1024x1024.jpg\" class=\"attachment-large size-large wp-image-771\" alt=\"\" srcset=\"https:\/\/iskenderian.ch\/wp-content\/uploads\/2024\/06\/B-2-1-1024x1024.jpg 1024w, https:\/\/iskenderian.ch\/wp-content\/uploads\/2024\/06\/B-2-1-300x300.jpg 300w, https:\/\/iskenderian.ch\/wp-content\/uploads\/2024\/06\/B-2-1-100x100.avif 100w, https:\/\/iskenderian.ch\/wp-content\/uploads\/2024\/06\/B-2-1-600x600.avif 600w, https:\/\/iskenderian.ch\/wp-content\/uploads\/2024\/06\/B-2-1-64x64.avif 64w, https:\/\/iskenderian.ch\/wp-content\/uploads\/2024\/06\/B-2-1-150x150.jpg 150w, https:\/\/iskenderian.ch\/wp-content\/uploads\/2024\/06\/B-2-1-768x768.jpg 768w, https:\/\/iskenderian.ch\/wp-content\/uploads\/2024\/06\/B-2-1-1536x1536.jpg 1536w, https:\/\/iskenderian.ch\/wp-content\/uploads\/2024\/06\/B-2-1-jpg.avif 1850w\" sizes=\"(max-width: 800px) 100vw, 800px\" \/>\t\t\t\t\t\t\t\t\t\t\t\t\t\t\t<\/div>\n\t\t\t\t<\/div>\n\t\t\t\t<\/div>\n\t\t\t\t\t<\/div>\n\t\t\t\t<\/div>\n\t\t<div class=\"elementor-element elementor-element-3f86e429 e-flex e-con-boxed e-con e-parent\" data-id=\"3f86e429\" data-element_type=\"container\">\n\t\t\t\t\t<div class=\"e-con-inner\">\n\t\t\t\t<div class=\"elementor-element elementor-element-2b69b12 elementor-widget elementor-widget-image\" data-id=\"2b69b12\" data-element_type=\"widget\" data-widget_type=\"image.default\">\n\t\t\t\t<div class=\"elementor-widget-container\">\n\t\t\t\t\t\t\t\t\t\t\t\t\t\t\t<img decoding=\"async\" src=\"https:\/\/iskenderian.ch\/wp-content\/uploads\/elementor\/thumbs\/B-1-1-scaled-jpg-qumpfixe2s4ryo4ptejpj2h4o9ekcfnorcbmgmozk0.avif\" title=\"B 1\" alt=\"B 1\" loading=\"lazy\" \/>\t\t\t\t\t\t\t\t\t\t\t\t\t\t\t<\/div>\n\t\t\t\t<\/div>\n\t\t\t\t\t<\/div>\n\t\t\t\t<\/div>\n\t\t\t\t<\/div>","protected":false},"excerpt":{"rendered":"<p>Ecce Femina Inspired by the timeless allure of Italian glamour and the opulent lifestyle of the Dolce Vita era, Ecce Femina captures the essence of vintage luxury with a modern twist. Each piece is meticulously crafted to enhance the natural beauty of the wearer, exuding an air of sophistication and grace. https:\/\/iskenderian.ch\/wp-content\/uploads\/2024\/06\/ecce_neu01-1.mp4 From dazzling diamond [&hellip;]<\/p>","protected":false},"author":8,"featured_media":0,"parent":0,"menu_order":0,"comment_status":"closed","ping_status":"closed","template":"","meta":{"footnotes":""},"yoast_head":"<!-- This site is optimized with the Yoast SEO plugin v23.6 - https:\/\/yoast.com\/wordpress\/plugins\/seo\/ -->\n<title>lookbook ecce femina - Iskenderian<\/title>\n<meta name=\"robots\" content=\"index, follow, max-snippet:-1, max-image-preview:large, max-video-preview:-1\" \/>\n<link rel=\"canonical\" href=\"https:\/\/iskenderian.ch\/de\/lookbook-ecce-femina\/\" \/>\n<meta property=\"og:locale\" content=\"de_DE\" \/>\n<meta property=\"og:type\" content=\"article\" \/>\n<meta property=\"og:title\" content=\"lookbook ecce femina - Iskenderian\" \/>\n<meta property=\"og:description\" content=\"Ecce Femina Inspired by the timeless allure of Italian glamour and the opulent lifestyle of the Dolce Vita era, Ecce Femina captures the essence of vintage luxury with a modern twist. Each piece is meticulously crafted to enhance the natural beauty of the wearer, exuding an air of sophistication and grace. https:\/\/iskenderian.ch\/wp-content\/uploads\/2024\/06\/ecce_neu01-1.mp4 From dazzling diamond [&hellip;]\" \/>\n<meta property=\"og:url\" content=\"https:\/\/iskenderian.ch\/de\/lookbook-ecce-femina\/\" \/>\n<meta property=\"og:site_name\" content=\"Iskenderian\" \/>\n<meta property=\"article:publisher\" content=\"https:\/\/www.facebook.com\/iskenderian.ch\" \/>\n<meta property=\"article:modified_time\" content=\"2024-06-26T12:43:00+00:00\" \/>\n<meta property=\"og:image\" content=\"https:\/\/iskenderian.ch\/wp-content\/uploads\/elementor\/thumbs\/D-2-1-scaled-qq864mfq98wpgmgkuxmlcwzuj1wcuy6dke6ntma008.jpg\" \/>\n<meta name=\"twitter:card\" content=\"summary_large_image\" \/>\n<meta name=\"twitter:label1\" content=\"Gesch\u00e4tzte Lesezeit\" \/>\n\t<meta name=\"twitter:data1\" content=\"3\u00a0Minuten\" \/>\n<script type=\"application\/ld+json\" class=\"yoast-schema-graph\">{\"@context\":\"https:\/\/schema.org\",\"@graph\":[{\"@type\":\"WebPage\",\"@id\":\"https:\/\/iskenderian.ch\/lookbook-ecce-femina\/\",\"url\":\"https:\/\/iskenderian.ch\/lookbook-ecce-femina\/\",\"name\":\"lookbook ecce femina - Iskenderian\",\"isPartOf\":{\"@id\":\"https:\/\/iskenderian.ch\/#website\"},\"primaryImageOfPage\":{\"@id\":\"https:\/\/iskenderian.ch\/lookbook-ecce-femina\/#primaryimage\"},\"image\":{\"@id\":\"https:\/\/iskenderian.ch\/lookbook-ecce-femina\/#primaryimage\"},\"thumbnailUrl\":\"https:\/\/iskenderian.ch\/wp-content\/uploads\/elementor\/thumbs\/D-2-1-scaled-qq864mfq98wpgmgkuxmlcwzuj1wcuy6dke6ntma008.jpg\",\"datePublished\":\"2024-06-24T14:12:26+00:00\",\"dateModified\":\"2024-06-26T12:43:00+00:00\",\"inLanguage\":\"de\",\"potentialAction\":[{\"@type\":\"ReadAction\",\"target\":[\"https:\/\/iskenderian.ch\/lookbook-ecce-femina\/\"]}]},{\"@type\":\"ImageObject\",\"inLanguage\":\"de\",\"@id\":\"https:\/\/iskenderian.ch\/lookbook-ecce-femina\/#primaryimage\",\"url\":\"https:\/\/iskenderian.ch\/wp-content\/uploads\/elementor\/thumbs\/D-2-1-scaled-qq864mfq98wpgmgkuxmlcwzuj1wcuy6dke6ntma008.jpg\",\"contentUrl\":\"https:\/\/iskenderian.ch\/wp-content\/uploads\/elementor\/thumbs\/D-2-1-scaled-qq864mfq98wpgmgkuxmlcwzuj1wcuy6dke6ntma008.jpg\"},{\"@type\":\"WebSite\",\"@id\":\"https:\/\/iskenderian.ch\/#website\",\"url\":\"https:\/\/iskenderian.ch\/\",\"name\":\"Iskenderian\",\"description\":\"Iskenderian I Jewelry I Bid Buy Sell\",\"publisher\":{\"@id\":\"https:\/\/iskenderian.ch\/#organization\"},\"potentialAction\":[{\"@type\":\"SearchAction\",\"target\":{\"@type\":\"EntryPoint\",\"urlTemplate\":\"https:\/\/iskenderian.ch\/?s={search_term_string}\"},\"query-input\":{\"@type\":\"PropertyValueSpecification\",\"valueRequired\":true,\"valueName\":\"search_term_string\"}}],\"inLanguage\":\"de\"},{\"@type\":\"Organization\",\"@id\":\"https:\/\/iskenderian.ch\/#organization\",\"name\":\"Iskenderian\",\"url\":\"https:\/\/iskenderian.ch\/\",\"logo\":{\"@type\":\"ImageObject\",\"inLanguage\":\"de\",\"@id\":\"https:\/\/iskenderian.ch\/#\/schema\/logo\/image\/\",\"url\":\"https:\/\/iskenderian.ch\/wp-content\/uploads\/2024\/04\/Iskenderian-Logo-Gold-r.png\",\"contentUrl\":\"https:\/\/iskenderian.ch\/wp-content\/uploads\/2024\/04\/Iskenderian-Logo-Gold-r.png\",\"width\":2598,\"height\":1057,\"caption\":\"Iskenderian\"},\"image\":{\"@id\":\"https:\/\/iskenderian.ch\/#\/schema\/logo\/image\/\"},\"sameAs\":[\"https:\/\/www.facebook.com\/iskenderian.ch\",\"https:\/\/www.linkedin.com\/company\/iskenderian\",\"https:\/\/www.instagram.com\/iskenderianjewels\/\"]}]}<\/script>\n<!-- \/ Yoast SEO plugin. -->","yoast_head_json":{"title":"lookbook ecce femina - Iskenderian","robots":{"index":"index","follow":"follow","max-snippet":"max-snippet:-1","max-image-preview":"max-image-preview:large","max-video-preview":"max-video-preview:-1"},"canonical":"https:\/\/iskenderian.ch\/de\/lookbook-ecce-femina\/","og_locale":"de_DE","og_type":"article","og_title":"lookbook ecce femina - Iskenderian","og_description":"Ecce Femina Inspired by the timeless allure of Italian glamour and the opulent lifestyle of the Dolce Vita era, Ecce Femina captures the essence of vintage luxury with a modern twist. Each piece is meticulously crafted to enhance the natural beauty of the wearer, exuding an air of sophistication and grace. https:\/\/iskenderian.ch\/wp-content\/uploads\/2024\/06\/ecce_neu01-1.mp4 From dazzling diamond [&hellip;]","og_url":"https:\/\/iskenderian.ch\/de\/lookbook-ecce-femina\/","og_site_name":"Iskenderian","article_publisher":"https:\/\/www.facebook.com\/iskenderian.ch","article_modified_time":"2024-06-26T12:43:00+00:00","og_image":[{"url":"https:\/\/iskenderian.ch\/wp-content\/uploads\/elementor\/thumbs\/D-2-1-scaled-qq864mfq98wpgmgkuxmlcwzuj1wcuy6dke6ntma008.jpg"}],"twitter_card":"summary_large_image","twitter_misc":{"Gesch\u00e4tzte Lesezeit":"3\u00a0Minuten"},"schema":{"@context":"https:\/\/schema.org","@graph":[{"@type":"WebPage","@id":"https:\/\/iskenderian.ch\/lookbook-ecce-femina\/","url":"https:\/\/iskenderian.ch\/lookbook-ecce-femina\/","name":"lookbook ecce femina - Iskenderian","isPartOf":{"@id":"https:\/\/iskenderian.ch\/#website"},"primaryImageOfPage":{"@id":"https:\/\/iskenderian.ch\/lookbook-ecce-femina\/#primaryimage"},"image":{"@id":"https:\/\/iskenderian.ch\/lookbook-ecce-femina\/#primaryimage"},"thumbnailUrl":"https:\/\/iskenderian.ch\/wp-content\/uploads\/elementor\/thumbs\/D-2-1-scaled-qq864mfq98wpgmgkuxmlcwzuj1wcuy6dke6ntma008.jpg","datePublished":"2024-06-24T14:12:26+00:00","dateModified":"2024-06-26T12:43:00+00:00","inLanguage":"de","potentialAction":[{"@type":"ReadAction","target":["https:\/\/iskenderian.ch\/lookbook-ecce-femina\/"]}]},{"@type":"ImageObject","inLanguage":"de","@id":"https:\/\/iskenderian.ch\/lookbook-ecce-femina\/#primaryimage","url":"https:\/\/iskenderian.ch\/wp-content\/uploads\/elementor\/thumbs\/D-2-1-scaled-qq864mfq98wpgmgkuxmlcwzuj1wcuy6dke6ntma008.jpg","contentUrl":"https:\/\/iskenderian.ch\/wp-content\/uploads\/elementor\/thumbs\/D-2-1-scaled-qq864mfq98wpgmgkuxmlcwzuj1wcuy6dke6ntma008.jpg"},{"@type":"WebSite","@id":"https:\/\/iskenderian.ch\/#website","url":"https:\/\/iskenderian.ch\/","name":"Iskenderian","description":"Iskenderian I Jewelry I Bid Buy Sell","publisher":{"@id":"https:\/\/iskenderian.ch\/#organization"},"potentialAction":[{"@type":"SearchAction","target":{"@type":"EntryPoint","urlTemplate":"https:\/\/iskenderian.ch\/?s={search_term_string}"},"query-input":{"@type":"PropertyValueSpecification","valueRequired":true,"valueName":"search_term_string"}}],"inLanguage":"de"},{"@type":"Organization","@id":"https:\/\/iskenderian.ch\/#organization","name":"Iskenderian","url":"https:\/\/iskenderian.ch\/","logo":{"@type":"ImageObject","inLanguage":"de","@id":"https:\/\/iskenderian.ch\/#\/schema\/logo\/image\/","url":"https:\/\/iskenderian.ch\/wp-content\/uploads\/2024\/04\/Iskenderian-Logo-Gold-r.png","contentUrl":"https:\/\/iskenderian.ch\/wp-content\/uploads\/2024\/04\/Iskenderian-Logo-Gold-r.png","width":2598,"height":1057,"caption":"Iskenderian"},"image":{"@id":"https:\/\/iskenderian.ch\/#\/schema\/logo\/image\/"},"sameAs":["https:\/\/www.facebook.com\/iskenderian.ch","https:\/\/www.linkedin.com\/company\/iskenderian","https:\/\/www.instagram.com\/iskenderianjewels\/"]}]}},"_links":{"self":[{"href":"https:\/\/iskenderian.ch\/de\/wp-json\/wp\/v2\/pages\/24955"}],"collection":[{"href":"https:\/\/iskenderian.ch\/de\/wp-json\/wp\/v2\/pages"}],"about":[{"href":"https:\/\/iskenderian.ch\/de\/wp-json\/wp\/v2\/types\/page"}],"author":[{"embeddable":true,"href":"https:\/\/iskenderian.ch\/de\/wp-json\/wp\/v2\/users\/8"}],"replies":[{"embeddable":true,"href":"https:\/\/iskenderian.ch\/de\/wp-json\/wp\/v2\/comments?post=24955"}],"version-history":[{"count":8,"href":"https:\/\/iskenderian.ch\/de\/wp-json\/wp\/v2\/pages\/24955\/revisions"}],"predecessor-version":[{"id":25087,"href":"https:\/\/iskenderian.ch\/de\/wp-json\/wp\/v2\/pages\/24955\/revisions\/25087"}],"wp:attachment":[{"href":"https:\/\/iskenderian.ch\/de\/wp-json\/wp\/v2\/media?parent=24955"}],"curies":[{"name":"wp","href":"https:\/\/api.w.org\/{rel}","templated":true}]}}