{"id":24931,"date":"2024-06-24T14:07:58","date_gmt":"2024-06-24T14:07:58","guid":{"rendered":"https:\/\/iskenderian.ch\/?page_id=24931"},"modified":"2024-06-26T12:40:22","modified_gmt":"2024-06-26T12:40:22","slug":"lookbook-cross-the-desert","status":"publish","type":"page","link":"https:\/\/iskenderian.ch\/de\/lookbook-cross-the-desert\/","title":{"rendered":"lookbook cross the desert"},"content":{"rendered":"<div data-elementor-type=\"wp-page\" data-elementor-id=\"24931\" class=\"elementor elementor-24931\" data-elementor-post-type=\"page\">\n\t\t\t\t<div class=\"elementor-element elementor-element-7d33f376 e-flex e-con-boxed e-con e-parent\" data-id=\"7d33f376\" data-element_type=\"container\">\n\t\t\t\t\t<div class=\"e-con-inner\">\n\t\t\t\t<div class=\"elementor-element elementor-element-4d9d696b elementor-widget__width-initial elementor-widget-mobile__width-initial elementor-widget elementor-widget-heading\" data-id=\"4d9d696b\" data-element_type=\"widget\" data-widget_type=\"heading.default\">\n\t\t\t\t<div class=\"elementor-widget-container\">\n\t\t\t\t\t<h2 class=\"elementor-heading-title elementor-size-default\">Durchqueren Sie die W\u00fcste<\/h2>\t\t\t\t<\/div>\n\t\t\t\t<\/div>\n\t\t\t\t\t<\/div>\n\t\t\t\t<\/div>\n\t\t<div class=\"elementor-element elementor-element-61c594bf e-flex e-con-boxed e-con e-parent\" data-id=\"61c594bf\" data-element_type=\"container\">\n\t\t\t\t\t<div class=\"e-con-inner\">\n\t\t\t\t<div class=\"elementor-element elementor-element-706f3601 elementor-widget__width-initial elementor-widget-mobile__width-initial elementor-widget elementor-widget-heading\" data-id=\"706f3601\" data-element_type=\"widget\" data-widget_type=\"heading.default\">\n\t\t\t\t<div class=\"elementor-widget-container\">\n\t\t\t\t\t<h2 class=\"elementor-heading-title elementor-size-default\">In der goldenen Weite der Agafay-W\u00fcste in der N\u00e4he von Marrakesch, wo der Sand unter der marokkanischen Sonne schimmert, versammelte sich eine Elite der sch\u00f6nsten Frauen der Welt, jede einzelne ein Ausbund an Anmut und Raffinesse. Diese au\u00dfergew\u00f6hnliche Veranstaltung vor der dramatischen und faszinierenden Kulisse der endlosen D\u00fcnen war der Inbegriff von Luxus und Stil. Der Anlass wurde durch die exquisiten antiken und Vintage-Schmuckst\u00fccke aus der renommierten Iskenderian-Kollektion, die diese strahlenden Sch\u00f6nheiten schm\u00fcckten, in unvergleichliche H\u00f6hen gehoben.\n\n\n\n\n\n<\/h2>\t\t\t\t<\/div>\n\t\t\t\t<\/div>\n\t\t\t\t<div class=\"elementor-element elementor-element-37209c89 elementor-widget elementor-widget-image\" data-id=\"37209c89\" data-element_type=\"widget\" data-widget_type=\"image.default\">\n\t\t\t\t<div class=\"elementor-widget-container\">\n\t\t\t\t\t\t\t\t\t\t\t\t\t\t\t<img decoding=\"async\" src=\"https:\/\/iskenderian.ch\/wp-content\/uploads\/elementor\/thumbs\/Desert-B-1-scaled-jpg-qumra10blt63dhj6hnehfsc5onmfxio0whxbse39c0.avif\" title=\"W\u00fcste B 1\" alt=\"Desert B 1\" loading=\"lazy\" \/>\t\t\t\t\t\t\t\t\t\t\t\t\t\t\t<\/div>\n\t\t\t\t<\/div>\n\t\t\t\t\t<\/div>\n\t\t\t\t<\/div>\n\t\t<div class=\"elementor-element elementor-element-673aa2f3 e-flex e-con-boxed e-con e-parent\" data-id=\"673aa2f3\" data-element_type=\"container\">\n\t\t\t\t\t<div class=\"e-con-inner\">\n\t\t<div class=\"elementor-element elementor-element-363141e2 e-con-full e-flex e-con e-child\" data-id=\"363141e2\" data-element_type=\"container\">\n\t\t\t\t<div class=\"elementor-element elementor-element-68122c1f elementor-widget__width-initial elementor-widget elementor-widget-image\" data-id=\"68122c1f\" data-element_type=\"widget\" data-widget_type=\"image.default\">\n\t\t\t\t<div class=\"elementor-widget-container\">\n\t\t\t\t\t\t\t\t\t\t\t\t\t\t\t<img decoding=\"async\" src=\"https:\/\/iskenderian.ch\/wp-content\/uploads\/elementor\/thumbs\/Desert-C-2-scaled-jpg-qumr4zlgys9r4quowyzhkk471aglnxntvk0m5zk8ow.avif\" title=\"W\u00fcste C 2\" alt=\"Desert C 2\" loading=\"lazy\" \/>\t\t\t\t\t\t\t\t\t\t\t\t\t\t\t<\/div>\n\t\t\t\t<\/div>\n\t\t\t\t<\/div>\n\t\t\t\t<div class=\"elementor-element elementor-element-108e138 elementor-widget__width-initial elementor-widget-tablet__width-initial elementor-widget-mobile__width-initial elementor-widget elementor-widget-heading\" data-id=\"108e138\" data-element_type=\"widget\" data-widget_type=\"heading.default\">\n\t\t\t\t<div class=\"elementor-widget-container\">\n\t\t\t\t\t<h2 class=\"elementor-heading-title elementor-size-default\">Die Agafay-W\u00fcste mit ihrer \u00e4therischen Sch\u00f6nheit und schlichten Eleganz bot den perfekten Rahmen f\u00fcr eine solche hochkar\u00e4tige Veranstaltung. Als die Sonne ihre letzten goldenen Strahlen \u00fcber den Horizont warf und die weite Landschaft beleuchtete, erschienen die Frauen in seltenen und pr\u00e4chtigen Schmuckst\u00fccken, die Geschichten aus vergangenen Epochen erz\u00e4hlten. Der Schimmer von Diamanten, die tiefe Anziehungskraft von Smaragden und die feurige Brillanz von Rubinen und Saphiren erg\u00e4nzten die nat\u00fcrliche Pracht der W\u00fcste, wobei jedes Schmuckst\u00fcck die zeitlose Eleganz seiner Tr\u00e4gerin widerspiegelte.<\/h2>\t\t\t\t<\/div>\n\t\t\t\t<\/div>\n\t\t\t\t<div class=\"elementor-element elementor-element-15426865 elementor-widget__width-initial elementor-widget-tablet__width-initial elementor-widget-mobile__width-initial elementor-widget elementor-widget-image\" data-id=\"15426865\" data-element_type=\"widget\" data-widget_type=\"image.default\">\n\t\t\t\t<div class=\"elementor-widget-container\">\n\t\t\t\t\t\t\t\t\t\t\t\t\t\t\t<img fetchpriority=\"high\" decoding=\"async\" width=\"800\" height=\"800\" src=\"https:\/\/iskenderian.ch\/wp-content\/uploads\/2024\/06\/Desert-D-3-1024x1024.jpg\" class=\"attachment-large size-large wp-image-687\" alt=\"\" srcset=\"https:\/\/iskenderian.ch\/wp-content\/uploads\/2024\/06\/Desert-D-3-1024x1024.jpg 1024w, https:\/\/iskenderian.ch\/wp-content\/uploads\/2024\/06\/Desert-D-3-300x300.jpg 300w, https:\/\/iskenderian.ch\/wp-content\/uploads\/2024\/06\/Desert-D-3-scaled-100x100.avif 100w, https:\/\/iskenderian.ch\/wp-content\/uploads\/2024\/06\/Desert-D-3-scaled-600x600.avif 600w, https:\/\/iskenderian.ch\/wp-content\/uploads\/2024\/06\/Desert-D-3-scaled-64x64.avif 64w, https:\/\/iskenderian.ch\/wp-content\/uploads\/2024\/06\/Desert-D-3-150x150.jpg 150w, https:\/\/iskenderian.ch\/wp-content\/uploads\/2024\/06\/Desert-D-3-768x768.jpg 768w, https:\/\/iskenderian.ch\/wp-content\/uploads\/2024\/06\/Desert-D-3-1536x1536.jpg 1536w, https:\/\/iskenderian.ch\/wp-content\/uploads\/2024\/06\/Desert-D-3-2048x2048.jpg 2048w, https:\/\/iskenderian.ch\/wp-content\/uploads\/2024\/06\/elementor\/thumbs\/Desert-D-3-scaled-qpprviu2z68mxezl4zjq6mv37dn9kxnupwkpzdppxk.jpg 500w\" sizes=\"(max-width: 800px) 100vw, 800px\" \/>\t\t\t\t\t\t\t\t\t\t\t\t\t\t\t<\/div>\n\t\t\t\t<\/div>\n\t\t\t\t\t<\/div>\n\t\t\t\t<\/div>\n\t\t<div class=\"elementor-element elementor-element-58875aa5 e-flex e-con-boxed e-con e-parent\" data-id=\"58875aa5\" data-element_type=\"container\">\n\t\t\t\t\t<div class=\"e-con-inner\">\n\t\t<div class=\"elementor-element elementor-element-6b0364c9 e-con-full e-flex e-con e-child\" data-id=\"6b0364c9\" data-element_type=\"container\">\n\t\t\t\t<div class=\"elementor-element elementor-element-3416977a elementor-widget elementor-widget-heading\" data-id=\"3416977a\" data-element_type=\"widget\" data-widget_type=\"heading.default\">\n\t\t\t\t<div class=\"elementor-widget-container\">\n\t\t\t\t\t<h2 class=\"elementor-heading-title elementor-size-default\">Die Iskenderian-Kollektion, die f\u00fcr ihre sorgf\u00e4ltige Handwerkskunst und ihr zeitloses Design bekannt ist, zierte die H\u00e4lse, Handgelenke und Ohren dieser atemberaubenden G\u00e4ste. Jedes St\u00fcck, ein Meisterwerk f\u00fcr sich, zeigte die Hingabe des Hauses, die Kunstfertigkeit des Schmucks zu bewahren und zu zelebrieren. Filigrane Verzierungen, zarte Guirlandenmotive und k\u00f6nigliche Halsketten verrieten Geheimnisse der Geschichte, die f\u00fcr diese exklusive Veranstaltung mit zeitgen\u00f6ssischer Raffinesse wiederbelebt wurden.<\/h2>\t\t\t\t<\/div>\n\t\t\t\t<\/div>\n\t\t\t\t<\/div>\n\t\t<div class=\"elementor-element elementor-element-ade3794 e-con-full e-flex e-con e-child\" data-id=\"ade3794\" data-element_type=\"container\">\n\t\t\t\t<div class=\"elementor-element elementor-element-7ee5f9ec elementor-widget elementor-widget-image\" data-id=\"7ee5f9ec\" data-element_type=\"widget\" data-widget_type=\"image.default\">\n\t\t\t\t<div class=\"elementor-widget-container\">\n\t\t\t\t\t\t\t\t\t\t\t\t\t\t\t<img decoding=\"async\" width=\"800\" height=\"800\" src=\"https:\/\/iskenderian.ch\/wp-content\/uploads\/2024\/06\/Desert-D-2-1024x1024.jpg\" class=\"attachment-large size-large wp-image-686\" alt=\"\" srcset=\"https:\/\/iskenderian.ch\/wp-content\/uploads\/2024\/06\/Desert-D-2-1024x1024.jpg 1024w, https:\/\/iskenderian.ch\/wp-content\/uploads\/2024\/06\/Desert-D-2-300x300.jpg 300w, https:\/\/iskenderian.ch\/wp-content\/uploads\/2024\/06\/Desert-D-2-scaled-100x100.avif 100w, https:\/\/iskenderian.ch\/wp-content\/uploads\/2024\/06\/Desert-D-2-scaled-600x600.avif 600w, https:\/\/iskenderian.ch\/wp-content\/uploads\/2024\/06\/Desert-D-2-scaled-64x64.avif 64w, https:\/\/iskenderian.ch\/wp-content\/uploads\/2024\/06\/Desert-D-2-150x150.jpg 150w, https:\/\/iskenderian.ch\/wp-content\/uploads\/2024\/06\/Desert-D-2-768x768.jpg 768w, https:\/\/iskenderian.ch\/wp-content\/uploads\/2024\/06\/Desert-D-2-1536x1536.jpg 1536w, https:\/\/iskenderian.ch\/wp-content\/uploads\/2024\/06\/Desert-D-2-2048x2048.jpg 2048w\" sizes=\"(max-width: 800px) 100vw, 800px\" \/>\t\t\t\t\t\t\t\t\t\t\t\t\t\t\t<\/div>\n\t\t\t\t<\/div>\n\t\t\t\t<\/div>\n\t\t<div class=\"elementor-element elementor-element-1082e63b e-con-full e-flex e-con e-child\" data-id=\"1082e63b\" data-element_type=\"container\">\n\t\t\t\t<div class=\"elementor-element elementor-element-1cebbec6 elementor-widget elementor-widget-image\" data-id=\"1cebbec6\" data-element_type=\"widget\" data-widget_type=\"image.default\">\n\t\t\t\t<div class=\"elementor-widget-container\">\n\t\t\t\t\t\t\t\t\t\t\t\t\t\t\t<img decoding=\"async\" width=\"800\" height=\"800\" src=\"https:\/\/iskenderian.ch\/wp-content\/uploads\/2024\/06\/Desert-C-1-1024x1024.jpg\" class=\"attachment-large size-large wp-image-682\" alt=\"\" srcset=\"https:\/\/iskenderian.ch\/wp-content\/uploads\/2024\/06\/Desert-C-1-1024x1024.jpg 1024w, https:\/\/iskenderian.ch\/wp-content\/uploads\/2024\/06\/Desert-C-1-300x300.jpg 300w, https:\/\/iskenderian.ch\/wp-content\/uploads\/2024\/06\/Desert-C-1-scaled-100x100.avif 100w, https:\/\/iskenderian.ch\/wp-content\/uploads\/2024\/06\/Desert-C-1-scaled-600x600.avif 600w, https:\/\/iskenderian.ch\/wp-content\/uploads\/2024\/06\/Desert-C-1-scaled-64x64.avif 64w, https:\/\/iskenderian.ch\/wp-content\/uploads\/2024\/06\/Desert-C-1-150x150.jpg 150w, https:\/\/iskenderian.ch\/wp-content\/uploads\/2024\/06\/Desert-C-1-768x768.jpg 768w, https:\/\/iskenderian.ch\/wp-content\/uploads\/2024\/06\/Desert-C-1-1536x1536.jpg 1536w, https:\/\/iskenderian.ch\/wp-content\/uploads\/2024\/06\/Desert-C-1-2048x2048.jpg 2048w\" sizes=\"(max-width: 800px) 100vw, 800px\" \/>\t\t\t\t\t\t\t\t\t\t\t\t\t\t\t<\/div>\n\t\t\t\t<\/div>\n\t\t\t\t<\/div>\n\t\t<div class=\"elementor-element elementor-element-6b048548 e-con-full e-flex e-con e-child\" data-id=\"6b048548\" data-element_type=\"container\">\n\t\t\t\t<div class=\"elementor-element elementor-element-421ec6ce elementor-widget elementor-widget-image\" data-id=\"421ec6ce\" data-element_type=\"widget\" data-widget_type=\"image.default\">\n\t\t\t\t<div class=\"elementor-widget-container\">\n\t\t\t\t\t\t\t\t\t\t\t\t\t\t\t<img loading=\"lazy\" decoding=\"async\" width=\"800\" height=\"800\" src=\"https:\/\/iskenderian.ch\/wp-content\/uploads\/2024\/06\/Desert-C-3-1024x1024.jpg\" class=\"attachment-large size-large wp-image-684\" alt=\"\" srcset=\"https:\/\/iskenderian.ch\/wp-content\/uploads\/2024\/06\/Desert-C-3-1024x1024.jpg 1024w, https:\/\/iskenderian.ch\/wp-content\/uploads\/2024\/06\/Desert-C-3-300x300.jpg 300w, https:\/\/iskenderian.ch\/wp-content\/uploads\/2024\/06\/Desert-C-3-scaled-100x100.avif 100w, https:\/\/iskenderian.ch\/wp-content\/uploads\/2024\/06\/Desert-C-3-scaled-600x600.avif 600w, https:\/\/iskenderian.ch\/wp-content\/uploads\/2024\/06\/Desert-C-3-scaled-64x64.avif 64w, https:\/\/iskenderian.ch\/wp-content\/uploads\/2024\/06\/Desert-C-3-150x150.jpg 150w, https:\/\/iskenderian.ch\/wp-content\/uploads\/2024\/06\/Desert-C-3-768x768.jpg 768w, https:\/\/iskenderian.ch\/wp-content\/uploads\/2024\/06\/Desert-C-3-1536x1536.jpg 1536w, https:\/\/iskenderian.ch\/wp-content\/uploads\/2024\/06\/Desert-C-3-2048x2048.jpg 2048w\" sizes=\"(max-width: 800px) 100vw, 800px\" \/>\t\t\t\t\t\t\t\t\t\t\t\t\t\t\t<\/div>\n\t\t\t\t<\/div>\n\t\t\t\t<\/div>\n\t\t<div class=\"elementor-element elementor-element-3556a3c2 e-con-full e-flex e-con e-child\" data-id=\"3556a3c2\" data-element_type=\"container\">\n\t\t\t\t<div class=\"elementor-element elementor-element-474c5d70 elementor-widget elementor-widget-heading\" data-id=\"474c5d70\" data-element_type=\"widget\" data-widget_type=\"heading.default\">\n\t\t\t\t<div class=\"elementor-widget-container\">\n\t\t\t\t\t<h2 class=\"elementor-heading-title elementor-size-default\">Als sich die D\u00e4mmerung \u00fcber die W\u00fcste legte, wurde die Szene noch bezaubernder. Die Juwelen funkelten unter dem Sternenhimmel und warfen einen magischen Glanz auf die Soir\u00e9e. Die Gespr\u00e4che verliefen so reibungslos wie feinster marokkanischer Tee und drehten sich um die au\u00dfergew\u00f6hnliche Handwerkskunst und die historische Bedeutung der St\u00fccke.\n\nDiese exklusive Veranstaltung in der W\u00fcste von Agafay war nicht nur ein geselliges Beisammensein, sondern ein Fest der Sch\u00f6nheit, des Erbes und der Kunst. Die Frauen mit ihrer Selbstsicherheit und ihrem Charme sowie die Iskenderian-Kollektion mit ihrer unvergleichlichen Eleganz sorgten f\u00fcr einen unvergesslichen Abend. Es war ein Beweis f\u00fcr die ungebrochene Anziehungskraft von altem und antikem Schmuck, eine perfekte Harmonie aus vergangener Pracht und gegenw\u00e4rtiger Raffinesse, inmitten der atemberaubenden Sch\u00f6nheit der marokkanischen W\u00fcste.<\/h2>\t\t\t\t<\/div>\n\t\t\t\t<\/div>\n\t\t\t\t<\/div>\n\t\t<div class=\"elementor-element elementor-element-36143f61 e-con-full e-flex e-con e-child\" data-id=\"36143f61\" data-element_type=\"container\">\n\t\t\t\t<div class=\"elementor-element elementor-element-1583a3d7 elementor-widget elementor-widget-image\" data-id=\"1583a3d7\" data-element_type=\"widget\" data-widget_type=\"image.default\">\n\t\t\t\t<div class=\"elementor-widget-container\">\n\t\t\t\t\t\t\t\t\t\t\t\t\t\t\t<img loading=\"lazy\" decoding=\"async\" width=\"800\" height=\"800\" src=\"https:\/\/iskenderian.ch\/wp-content\/uploads\/2024\/06\/Desert-B-2-1024x1024.jpg\" class=\"attachment-large size-large wp-image-679\" alt=\"\" srcset=\"https:\/\/iskenderian.ch\/wp-content\/uploads\/2024\/06\/Desert-B-2-1024x1024.jpg 1024w, https:\/\/iskenderian.ch\/wp-content\/uploads\/2024\/06\/Desert-B-2-300x300.jpg 300w, https:\/\/iskenderian.ch\/wp-content\/uploads\/2024\/06\/Desert-B-2-scaled-100x100.avif 100w, https:\/\/iskenderian.ch\/wp-content\/uploads\/2024\/06\/Desert-B-2-scaled-600x600.avif 600w, https:\/\/iskenderian.ch\/wp-content\/uploads\/2024\/06\/Desert-B-2-scaled-64x64.avif 64w, https:\/\/iskenderian.ch\/wp-content\/uploads\/2024\/06\/Desert-B-2-150x150.jpg 150w, https:\/\/iskenderian.ch\/wp-content\/uploads\/2024\/06\/Desert-B-2-768x768.jpg 768w, https:\/\/iskenderian.ch\/wp-content\/uploads\/2024\/06\/Desert-B-2-1536x1536.jpg 1536w, https:\/\/iskenderian.ch\/wp-content\/uploads\/2024\/06\/Desert-B-2-2048x2048.jpg 2048w\" sizes=\"(max-width: 800px) 100vw, 800px\" \/>\t\t\t\t\t\t\t\t\t\t\t\t\t\t\t<\/div>\n\t\t\t\t<\/div>\n\t\t\t\t<\/div>\n\t\t\t\t\t<\/div>\n\t\t\t\t<\/div>\n\t\t<div class=\"elementor-element elementor-element-1e78bbb e-flex e-con-boxed e-con e-parent\" data-id=\"1e78bbb\" data-element_type=\"container\">\n\t\t\t\t\t<div class=\"e-con-inner\">\n\t\t\t\t<div class=\"elementor-element elementor-element-7235c69a elementor-widget elementor-widget-image\" data-id=\"7235c69a\" data-element_type=\"widget\" data-widget_type=\"image.default\">\n\t\t\t\t<div class=\"elementor-widget-container\">\n\t\t\t\t\t\t\t\t\t\t\t\t\t\t\t<img decoding=\"async\" src=\"https:\/\/iskenderian.ch\/wp-content\/uploads\/elementor\/thumbs\/Desert-A-1-scaled-jpg-qumrd21lmlbcs94ssyj7h0tmlcp0qeovzhlnghlla8.avif\" title=\"W\u00fcste A 1\" alt=\"Desert A 1\" loading=\"lazy\" \/>\t\t\t\t\t\t\t\t\t\t\t\t\t\t\t<\/div>\n\t\t\t\t<\/div>\n\t\t\t\t\t<\/div>\n\t\t\t\t<\/div>\n\t\t\t\t<\/div>","protected":false},"excerpt":{"rendered":"<p>CROSS the desert In the golden expanse of the Agafay Desert near Marrakech, where the sands shimmer under the Moroccan sun, an elite assembly of the world&#8217;s most beautiful women gathered, each one a paragon of grace and sophistication. This extraordinary event, set against the dramatic and mesmerizing backdrop of endless dunes, showcased the epitome [&hellip;]<\/p>","protected":false},"author":8,"featured_media":0,"parent":0,"menu_order":0,"comment_status":"closed","ping_status":"closed","template":"","meta":{"footnotes":""},"yoast_head":"<!-- This site is optimized with the Yoast SEO plugin v23.6 - https:\/\/yoast.com\/wordpress\/plugins\/seo\/ -->\n<title>lookbook cross the desert - Iskenderian<\/title>\n<meta name=\"robots\" content=\"index, follow, max-snippet:-1, max-image-preview:large, max-video-preview:-1\" \/>\n<link rel=\"canonical\" href=\"https:\/\/iskenderian.ch\/de\/lookbook-cross-the-desert\/\" \/>\n<meta property=\"og:locale\" content=\"de_DE\" \/>\n<meta property=\"og:type\" content=\"article\" \/>\n<meta property=\"og:title\" content=\"lookbook cross the desert - Iskenderian\" \/>\n<meta property=\"og:description\" content=\"CROSS the desert In the golden expanse of the Agafay Desert near Marrakech, where the sands shimmer under the Moroccan sun, an elite assembly of the world&#8217;s most beautiful women gathered, each one a paragon of grace and sophistication. This extraordinary event, set against the dramatic and mesmerizing backdrop of endless dunes, showcased the epitome [&hellip;]\" \/>\n<meta property=\"og:url\" content=\"https:\/\/iskenderian.ch\/de\/lookbook-cross-the-desert\/\" \/>\n<meta property=\"og:site_name\" content=\"Iskenderian\" \/>\n<meta property=\"article:publisher\" content=\"https:\/\/www.facebook.com\/iskenderian.ch\" \/>\n<meta property=\"article:modified_time\" content=\"2024-06-26T12:40:22+00:00\" \/>\n<meta property=\"og:image\" content=\"https:\/\/iskenderian.ch\/wp-content\/uploads\/elementor\/thumbs\/Desert-B-1-scaled-qq85ygltgch1cnesu9qn0gz2c49qedpq1w82kbewso.jpg\" \/>\n<meta name=\"twitter:card\" content=\"summary_large_image\" \/>\n<meta name=\"twitter:label1\" content=\"Gesch\u00e4tzte Lesezeit\" \/>\n\t<meta name=\"twitter:data1\" content=\"4\u00a0Minuten\" \/>\n<script type=\"application\/ld+json\" class=\"yoast-schema-graph\">{\"@context\":\"https:\/\/schema.org\",\"@graph\":[{\"@type\":\"WebPage\",\"@id\":\"https:\/\/iskenderian.ch\/lookbook-cross-the-desert\/\",\"url\":\"https:\/\/iskenderian.ch\/lookbook-cross-the-desert\/\",\"name\":\"lookbook cross the desert - Iskenderian\",\"isPartOf\":{\"@id\":\"https:\/\/iskenderian.ch\/#website\"},\"primaryImageOfPage\":{\"@id\":\"https:\/\/iskenderian.ch\/lookbook-cross-the-desert\/#primaryimage\"},\"image\":{\"@id\":\"https:\/\/iskenderian.ch\/lookbook-cross-the-desert\/#primaryimage\"},\"thumbnailUrl\":\"https:\/\/iskenderian.ch\/wp-content\/uploads\/elementor\/thumbs\/Desert-B-1-scaled-qq85ygltgch1cnesu9qn0gz2c49qedpq1w82kbewso.jpg\",\"datePublished\":\"2024-06-24T14:07:58+00:00\",\"dateModified\":\"2024-06-26T12:40:22+00:00\",\"inLanguage\":\"de\",\"potentialAction\":[{\"@type\":\"ReadAction\",\"target\":[\"https:\/\/iskenderian.ch\/lookbook-cross-the-desert\/\"]}]},{\"@type\":\"ImageObject\",\"inLanguage\":\"de\",\"@id\":\"https:\/\/iskenderian.ch\/lookbook-cross-the-desert\/#primaryimage\",\"url\":\"https:\/\/iskenderian.ch\/wp-content\/uploads\/elementor\/thumbs\/Desert-B-1-scaled-qq85ygltgch1cnesu9qn0gz2c49qedpq1w82kbewso.jpg\",\"contentUrl\":\"https:\/\/iskenderian.ch\/wp-content\/uploads\/elementor\/thumbs\/Desert-B-1-scaled-qq85ygltgch1cnesu9qn0gz2c49qedpq1w82kbewso.jpg\"},{\"@type\":\"WebSite\",\"@id\":\"https:\/\/iskenderian.ch\/#website\",\"url\":\"https:\/\/iskenderian.ch\/\",\"name\":\"Iskenderian\",\"description\":\"Iskenderian I Jewelry I Bid Buy Sell\",\"publisher\":{\"@id\":\"https:\/\/iskenderian.ch\/#organization\"},\"potentialAction\":[{\"@type\":\"SearchAction\",\"target\":{\"@type\":\"EntryPoint\",\"urlTemplate\":\"https:\/\/iskenderian.ch\/?s={search_term_string}\"},\"query-input\":{\"@type\":\"PropertyValueSpecification\",\"valueRequired\":true,\"valueName\":\"search_term_string\"}}],\"inLanguage\":\"de\"},{\"@type\":\"Organization\",\"@id\":\"https:\/\/iskenderian.ch\/#organization\",\"name\":\"Iskenderian\",\"url\":\"https:\/\/iskenderian.ch\/\",\"logo\":{\"@type\":\"ImageObject\",\"inLanguage\":\"de\",\"@id\":\"https:\/\/iskenderian.ch\/#\/schema\/logo\/image\/\",\"url\":\"https:\/\/iskenderian.ch\/wp-content\/uploads\/2024\/04\/Iskenderian-Logo-Gold-r.png\",\"contentUrl\":\"https:\/\/iskenderian.ch\/wp-content\/uploads\/2024\/04\/Iskenderian-Logo-Gold-r.png\",\"width\":2598,\"height\":1057,\"caption\":\"Iskenderian\"},\"image\":{\"@id\":\"https:\/\/iskenderian.ch\/#\/schema\/logo\/image\/\"},\"sameAs\":[\"https:\/\/www.facebook.com\/iskenderian.ch\",\"https:\/\/www.linkedin.com\/company\/iskenderian\",\"https:\/\/www.instagram.com\/iskenderianjewels\/\"]}]}<\/script>\n<!-- \/ Yoast SEO plugin. -->","yoast_head_json":{"title":"lookbook cross the desert - Iskenderian","robots":{"index":"index","follow":"follow","max-snippet":"max-snippet:-1","max-image-preview":"max-image-preview:large","max-video-preview":"max-video-preview:-1"},"canonical":"https:\/\/iskenderian.ch\/de\/lookbook-cross-the-desert\/","og_locale":"de_DE","og_type":"article","og_title":"lookbook cross the desert - Iskenderian","og_description":"CROSS the desert In the golden expanse of the Agafay Desert near Marrakech, where the sands shimmer under the Moroccan sun, an elite assembly of the world&#8217;s most beautiful women gathered, each one a paragon of grace and sophistication. This extraordinary event, set against the dramatic and mesmerizing backdrop of endless dunes, showcased the epitome [&hellip;]","og_url":"https:\/\/iskenderian.ch\/de\/lookbook-cross-the-desert\/","og_site_name":"Iskenderian","article_publisher":"https:\/\/www.facebook.com\/iskenderian.ch","article_modified_time":"2024-06-26T12:40:22+00:00","og_image":[{"url":"https:\/\/iskenderian.ch\/wp-content\/uploads\/elementor\/thumbs\/Desert-B-1-scaled-qq85ygltgch1cnesu9qn0gz2c49qedpq1w82kbewso.jpg"}],"twitter_card":"summary_large_image","twitter_misc":{"Gesch\u00e4tzte Lesezeit":"4\u00a0Minuten"},"schema":{"@context":"https:\/\/schema.org","@graph":[{"@type":"WebPage","@id":"https:\/\/iskenderian.ch\/lookbook-cross-the-desert\/","url":"https:\/\/iskenderian.ch\/lookbook-cross-the-desert\/","name":"lookbook cross the desert - Iskenderian","isPartOf":{"@id":"https:\/\/iskenderian.ch\/#website"},"primaryImageOfPage":{"@id":"https:\/\/iskenderian.ch\/lookbook-cross-the-desert\/#primaryimage"},"image":{"@id":"https:\/\/iskenderian.ch\/lookbook-cross-the-desert\/#primaryimage"},"thumbnailUrl":"https:\/\/iskenderian.ch\/wp-content\/uploads\/elementor\/thumbs\/Desert-B-1-scaled-qq85ygltgch1cnesu9qn0gz2c49qedpq1w82kbewso.jpg","datePublished":"2024-06-24T14:07:58+00:00","dateModified":"2024-06-26T12:40:22+00:00","inLanguage":"de","potentialAction":[{"@type":"ReadAction","target":["https:\/\/iskenderian.ch\/lookbook-cross-the-desert\/"]}]},{"@type":"ImageObject","inLanguage":"de","@id":"https:\/\/iskenderian.ch\/lookbook-cross-the-desert\/#primaryimage","url":"https:\/\/iskenderian.ch\/wp-content\/uploads\/elementor\/thumbs\/Desert-B-1-scaled-qq85ygltgch1cnesu9qn0gz2c49qedpq1w82kbewso.jpg","contentUrl":"https:\/\/iskenderian.ch\/wp-content\/uploads\/elementor\/thumbs\/Desert-B-1-scaled-qq85ygltgch1cnesu9qn0gz2c49qedpq1w82kbewso.jpg"},{"@type":"WebSite","@id":"https:\/\/iskenderian.ch\/#website","url":"https:\/\/iskenderian.ch\/","name":"Iskenderian","description":"Iskenderian I Jewelry I Bid Buy Sell","publisher":{"@id":"https:\/\/iskenderian.ch\/#organization"},"potentialAction":[{"@type":"SearchAction","target":{"@type":"EntryPoint","urlTemplate":"https:\/\/iskenderian.ch\/?s={search_term_string}"},"query-input":{"@type":"PropertyValueSpecification","valueRequired":true,"valueName":"search_term_string"}}],"inLanguage":"de"},{"@type":"Organization","@id":"https:\/\/iskenderian.ch\/#organization","name":"Iskenderian","url":"https:\/\/iskenderian.ch\/","logo":{"@type":"ImageObject","inLanguage":"de","@id":"https:\/\/iskenderian.ch\/#\/schema\/logo\/image\/","url":"https:\/\/iskenderian.ch\/wp-content\/uploads\/2024\/04\/Iskenderian-Logo-Gold-r.png","contentUrl":"https:\/\/iskenderian.ch\/wp-content\/uploads\/2024\/04\/Iskenderian-Logo-Gold-r.png","width":2598,"height":1057,"caption":"Iskenderian"},"image":{"@id":"https:\/\/iskenderian.ch\/#\/schema\/logo\/image\/"},"sameAs":["https:\/\/www.facebook.com\/iskenderian.ch","https:\/\/www.linkedin.com\/company\/iskenderian","https:\/\/www.instagram.com\/iskenderianjewels\/"]}]}},"_links":{"self":[{"href":"https:\/\/iskenderian.ch\/de\/wp-json\/wp\/v2\/pages\/24931"}],"collection":[{"href":"https:\/\/iskenderian.ch\/de\/wp-json\/wp\/v2\/pages"}],"about":[{"href":"https:\/\/iskenderian.ch\/de\/wp-json\/wp\/v2\/types\/page"}],"author":[{"embeddable":true,"href":"https:\/\/iskenderian.ch\/de\/wp-json\/wp\/v2\/users\/8"}],"replies":[{"embeddable":true,"href":"https:\/\/iskenderian.ch\/de\/wp-json\/wp\/v2\/comments?post=24931"}],"version-history":[{"count":8,"href":"https:\/\/iskenderian.ch\/de\/wp-json\/wp\/v2\/pages\/24931\/revisions"}],"predecessor-version":[{"id":25075,"href":"https:\/\/iskenderian.ch\/de\/wp-json\/wp\/v2\/pages\/24931\/revisions\/25075"}],"wp:attachment":[{"href":"https:\/\/iskenderian.ch\/de\/wp-json\/wp\/v2\/media?parent=24931"}],"curies":[{"name":"wp","href":"https:\/\/api.w.org\/{rel}","templated":true}]}}